{"id":53088,"date":"2017-02-22T17:43:54","date_gmt":"2017-02-22T16:43:54","guid":{"rendered":"https:\/\/www.uckg.org\/es\/?page_id=53088"},"modified":"2018-09-21T16:57:50","modified_gmt":"2018-09-21T14:57:50","slug":"construccion-de-la-casa-de-dios","status":"publish","type":"page","link":"https:\/\/www.uckg.org\/es\/construccion-de-la-casa-de-dios\/","title":{"rendered":"Construcci\u00f3n de la casa de Dios"},"content":{"rendered":"<p>[vc_row][vc_column][wander_title_block title=&#8221;Construcci\u00f3n de la casa de Dios&#8221; title_size=&#8221;h2&#8243; title_align=&#8221;text-center&#8221; is_seperator=&#8221;true&#8221;][vc_column_text]<a href=\"https:\/\/www.uckg.org\/es\/wp-content\/uploads\/2017\/02\/building.png\"><img fetchpriority=\"high\" decoding=\"async\" class=\"aligncenter size-full wp-image-53136\" src=\"https:\/\/www.uckg.org\/es\/wp-content\/uploads\/2017\/02\/building.png\" width=\"1280\" height=\"436\" alt=\"building\" title=\"\" srcset=\"https:\/\/www.uckg.org\/es\/wp-content\/uploads\/2017\/02\/building.png 1280w, https:\/\/www.uckg.org\/es\/wp-content\/uploads\/2017\/02\/building-300x102.png 300w, https:\/\/www.uckg.org\/es\/wp-content\/uploads\/2017\/02\/building-768x262.png 768w, https:\/\/www.uckg.org\/es\/wp-content\/uploads\/2017\/02\/building-1024x349.png 1024w, https:\/\/www.uckg.org\/es\/wp-content\/uploads\/2017\/02\/building-500x170.png 500w\" sizes=\"(max-width: 1280px) 100vw, 1280px\" \/><\/a><\/p>\n<p>Los templos construidos o renovados reciben a los fieles con toda la comodidad y el confort que se merecen. En los \u00faltimos a\u00f1os, hemos reformado los Centros de Ayuda de Manchester y de Leeds, lo cual hizo que los de aquella comunidad quedaran encantados.<\/p>\n<p>Si quieres ofrecer tu colaboraci\u00f3n para con las obras de construcci\u00f3n de la organizaci\u00f3n, puedas hacerlo <span style=\"text-decoration: underline;\"><span style=\"color: #0cb4ce;\"><a style=\"color: #0cb4ce; text-decoration: underline;\" href=\"\/es\/donaciones\/\">aqu\u00ed<\/a><\/span><\/span>.[\/vc_column_text][\/vc_column][\/vc_row]<\/p>\n","protected":false},"excerpt":{"rendered":"<p>[vc_row][vc_column][wander_title_block title=&#8221;Construcci\u00f3n de la casa de Dios&#8221; title_size=&#8221;h2&#8243; title_align=&#8221;text-center&#8221; is_seperator=&#8221;true&#8221;][vc_column_text] Los templos construidos o renovados reciben a los fieles con toda la comodidad y el confort que se merecen. En los \u00faltimos a\u00f1os, hemos reformado los Centros de Ayuda de Manchester y de Leeds, lo cual hizo que los de aquella comunidad quedaran encantados. Si [&hellip;]<\/p>\n","protected":false},"author":12,"featured_media":0,"parent":0,"menu_order":0,"comment_status":"closed","ping_status":"closed","template":"","meta":{"give_campaign_id":0,"_monsterinsights_skip_tracking":false,"_monsterinsights_sitenote_active":false,"_monsterinsights_sitenote_note":"","_monsterinsights_sitenote_category":0,"footnotes":""},"class_list":["post-53088","page","type-page","status-publish","hentry"],"campaignId":"","_links":{"self":[{"href":"https:\/\/www.uckg.org\/es\/wp-json\/wp\/v2\/pages\/53088","targetHints":{"allow":["GET"]}}],"collection":[{"href":"https:\/\/www.uckg.org\/es\/wp-json\/wp\/v2\/pages"}],"about":[{"href":"https:\/\/www.uckg.org\/es\/wp-json\/wp\/v2\/types\/page"}],"author":[{"embeddable":true,"href":"https:\/\/www.uckg.org\/es\/wp-json\/wp\/v2\/users\/12"}],"replies":[{"embeddable":true,"href":"https:\/\/www.uckg.org\/es\/wp-json\/wp\/v2\/comments?post=53088"}],"version-history":[{"count":0,"href":"https:\/\/www.uckg.org\/es\/wp-json\/wp\/v2\/pages\/53088\/revisions"}],"wp:attachment":[{"href":"https:\/\/www.uckg.org\/es\/wp-json\/wp\/v2\/media?parent=53088"}],"curies":[{"name":"wp","href":"https:\/\/api.w.org\/{rel}","templated":true}]}}