{"id":53086,"date":"2017-02-22T17:41:40","date_gmt":"2017-02-22T16:41:40","guid":{"rendered":"https:\/\/www.uckg.org\/es\/?page_id=53086"},"modified":"2017-07-20T12:32:05","modified_gmt":"2017-07-20T10:32:05","slug":"grupos-comunitarios","status":"publish","type":"page","link":"https:\/\/www.uckg.org\/es\/grupos-comunitarios\/","title":{"rendered":"Grupos comunitarios"},"content":{"rendered":"<p>[vc_row][vc_column][wander_title_block title=&#8221;Grupos comunitarios&#8221; title_size=&#8221;h2&#8243; title_align=&#8221;text-center&#8221; is_seperator=&#8221;true&#8221;][vc_column_text]<a href=\"https:\/\/www.uckg.org\/es\/wp-content\/uploads\/2017\/02\/Grupos-comunitarios.png\"><img fetchpriority=\"high\" decoding=\"async\" class=\"aligncenter size-full wp-image-53139\" src=\"https:\/\/www.uckg.org\/es\/wp-content\/uploads\/2017\/02\/Grupos-comunitarios.png\" alt=\"communitygroups\" width=\"1280\" height=\"436\" title=\"\" srcset=\"https:\/\/www.uckg.org\/es\/wp-content\/uploads\/2017\/02\/Grupos-comunitarios.png 1280w, https:\/\/www.uckg.org\/es\/wp-content\/uploads\/2017\/02\/Grupos-comunitarios-300x102.png 300w, https:\/\/www.uckg.org\/es\/wp-content\/uploads\/2017\/02\/Grupos-comunitarios-768x262.png 768w, https:\/\/www.uckg.org\/es\/wp-content\/uploads\/2017\/02\/Grupos-comunitarios-1024x349.png 1024w, https:\/\/www.uckg.org\/es\/wp-content\/uploads\/2017\/02\/Grupos-comunitarios-500x170.png 500w\" sizes=\"(max-width: 1280px) 100vw, 1280px\" \/><\/a><\/p>\n<p>Con m\u00e1s de treinta Centros de Ayuda en toda la naci\u00f3n, es importante que mantengamos las instalaciones y sus recursos actualizados para proveer un servicio m\u00e1s eficaz a nuestros fieles. Sea asegur\u00e1ndonos de que los Centros de Ayuda est\u00e9n limpios o patrocinando los programas de la tele, apreciamos cualquier donativo que puedas dar.<\/p>\n<p>Si quieres contribuir para que nuestra obra comunitaria contin\u00fae, puedes ayudar <span style=\"text-decoration: underline;\"><span style=\"color: #0cb4ce;\"><a style=\"color: #0cb4ce; text-decoration: underline;\" href=\"\/es\/donaciones\/\">aqu\u00ed<\/a><\/span><\/span>.[\/vc_column_text][\/vc_column][\/vc_row]<\/p>\n","protected":false},"excerpt":{"rendered":"<p>[vc_row][vc_column][wander_title_block title=&#8221;Grupos comunitarios&#8221; title_size=&#8221;h2&#8243; title_align=&#8221;text-center&#8221; is_seperator=&#8221;true&#8221;][vc_column_text] Con m\u00e1s de treinta Centros de Ayuda en toda la naci\u00f3n, es importante que mantengamos las instalaciones y sus recursos actualizados para proveer un servicio m\u00e1s eficaz a nuestros fieles. Sea asegur\u00e1ndonos de que los Centros de Ayuda est\u00e9n limpios o patrocinando los programas de la tele, apreciamos cualquier [&hellip;]<\/p>\n","protected":false},"author":12,"featured_media":0,"parent":0,"menu_order":0,"comment_status":"closed","ping_status":"closed","template":"","meta":{"give_campaign_id":0,"_monsterinsights_skip_tracking":false,"_monsterinsights_sitenote_active":false,"_monsterinsights_sitenote_note":"","_monsterinsights_sitenote_category":0,"footnotes":""},"class_list":["post-53086","page","type-page","status-publish","hentry"],"campaignId":"","_links":{"self":[{"href":"https:\/\/www.uckg.org\/es\/wp-json\/wp\/v2\/pages\/53086","targetHints":{"allow":["GET"]}}],"collection":[{"href":"https:\/\/www.uckg.org\/es\/wp-json\/wp\/v2\/pages"}],"about":[{"href":"https:\/\/www.uckg.org\/es\/wp-json\/wp\/v2\/types\/page"}],"author":[{"embeddable":true,"href":"https:\/\/www.uckg.org\/es\/wp-json\/wp\/v2\/users\/12"}],"replies":[{"embeddable":true,"href":"https:\/\/www.uckg.org\/es\/wp-json\/wp\/v2\/comments?post=53086"}],"version-history":[{"count":0,"href":"https:\/\/www.uckg.org\/es\/wp-json\/wp\/v2\/pages\/53086\/revisions"}],"wp:attachment":[{"href":"https:\/\/www.uckg.org\/es\/wp-json\/wp\/v2\/media?parent=53086"}],"curies":[{"name":"wp","href":"https:\/\/api.w.org\/{rel}","templated":true}]}}