{"id":53078,"date":"2017-02-22T17:27:55","date_gmt":"2017-02-22T16:27:55","guid":{"rendered":"https:\/\/www.uckg.org\/es\/?page_id=53078"},"modified":"2017-07-20T12:37:15","modified_gmt":"2017-07-20T10:37:15","slug":"devuelve-tus-primicias","status":"publish","type":"page","link":"https:\/\/www.uckg.org\/es\/devuelve-tus-primicias\/","title":{"rendered":"Devuelve tus primicias"},"content":{"rendered":"<p>[vc_row][vc_column][wander_title_block title=&#8221;Devuelve tus primicias&#8221; title_size=&#8221;h2&#8243; title_align=&#8221;text-center&#8221; is_seperator=&#8221;true&#8221;][vc_column_text]<a href=\"https:\/\/www.uckg.org\/es\/wp-content\/uploads\/2017\/02\/Devuelve-tus-primicias.png\"><img fetchpriority=\"high\" decoding=\"async\" class=\"aligncenter size-full wp-image-53306\" src=\"https:\/\/www.uckg.org\/es\/wp-content\/uploads\/2017\/02\/Devuelve-tus-primicias.png\" alt=\"tithe-2sp\" width=\"1280\" height=\"436\" title=\"\" srcset=\"https:\/\/www.uckg.org\/es\/wp-content\/uploads\/2017\/02\/Devuelve-tus-primicias.png 1280w, https:\/\/www.uckg.org\/es\/wp-content\/uploads\/2017\/02\/Devuelve-tus-primicias-300x102.png 300w, https:\/\/www.uckg.org\/es\/wp-content\/uploads\/2017\/02\/Devuelve-tus-primicias-768x262.png 768w, https:\/\/www.uckg.org\/es\/wp-content\/uploads\/2017\/02\/Devuelve-tus-primicias-1024x349.png 1024w, https:\/\/www.uckg.org\/es\/wp-content\/uploads\/2017\/02\/Devuelve-tus-primicias-500x170.png 500w\" sizes=\"(max-width: 1280px) 100vw, 1280px\" \/><\/a><\/p>\n<p>El diezmo es el mayor s\u00edmbolo de obediencia a la Palabra de Dios y el reconocimiento m\u00e1s poderoso del Se\u00f1or\u00edo de Dios en nuestra vida. El significado m\u00e1s profundo del diezmo es que todo (100 por cien) pertenece a Dios.<\/p>\n<p>Todo lo que \u00c9l pide es que le devolvamos el diez por ciento, para honrarLo, tal y como menciona el vers\u00edculo de abajo:<br \/>\n<strong>\u201cHonra al Se\u00f1or con tus bienes y con las primicias de todos tus frutos;\u201d<\/strong> (Proverbios 3:9)<br \/>\nAdem\u00e1s, \u00c9l proteger\u00e1 tus finanzas del devorador:<br \/>\n<strong><br \/>\n\u201cPor vosotros reprender\u00e9 al devorador\u2026\u201d <\/strong>(Malaqu\u00edas 3:11)<br \/>\nSi quieres dar tu diezmo por internet, puedes hacerlo <span style=\"text-decoration: underline;\"><span style=\"color: #0cb4ce;\"><a style=\"color: #0cb4ce;\" href=\"\/es\/donaciones\/\">aqu\u00ed<\/a><\/span><\/span>.<br \/>\nSi quieres saber m\u00e1s acerca de lo que es el diezmo y lo que representa, puede hacer <span style=\"text-decoration: underline;\"><a style=\"color: #0cb4ce; text-decoration: underline;\" href=\"\/es\/significado-del-diezmo\/\">clic aqu\u00ed<\/a><\/span>.[\/vc_column_text][\/vc_column][\/vc_row]<\/p>\n","protected":false},"excerpt":{"rendered":"<p>[vc_row][vc_column][wander_title_block title=&#8221;Devuelve tus primicias&#8221; title_size=&#8221;h2&#8243; title_align=&#8221;text-center&#8221; is_seperator=&#8221;true&#8221;][vc_column_text] El diezmo es el mayor s\u00edmbolo de obediencia a la Palabra de Dios y el reconocimiento m\u00e1s poderoso del Se\u00f1or\u00edo de Dios en nuestra vida. El significado m\u00e1s profundo del diezmo es que todo (100 por cien) pertenece a Dios. Todo lo que \u00c9l pide es que le [&hellip;]<\/p>\n","protected":false},"author":12,"featured_media":0,"parent":0,"menu_order":0,"comment_status":"closed","ping_status":"closed","template":"","meta":{"give_campaign_id":0,"_monsterinsights_skip_tracking":false,"_monsterinsights_sitenote_active":false,"_monsterinsights_sitenote_note":"","_monsterinsights_sitenote_category":0,"footnotes":""},"class_list":["post-53078","page","type-page","status-publish","hentry"],"campaignId":"","_links":{"self":[{"href":"https:\/\/www.uckg.org\/es\/wp-json\/wp\/v2\/pages\/53078","targetHints":{"allow":["GET"]}}],"collection":[{"href":"https:\/\/www.uckg.org\/es\/wp-json\/wp\/v2\/pages"}],"about":[{"href":"https:\/\/www.uckg.org\/es\/wp-json\/wp\/v2\/types\/page"}],"author":[{"embeddable":true,"href":"https:\/\/www.uckg.org\/es\/wp-json\/wp\/v2\/users\/12"}],"replies":[{"embeddable":true,"href":"https:\/\/www.uckg.org\/es\/wp-json\/wp\/v2\/comments?post=53078"}],"version-history":[{"count":0,"href":"https:\/\/www.uckg.org\/es\/wp-json\/wp\/v2\/pages\/53078\/revisions"}],"wp:attachment":[{"href":"https:\/\/www.uckg.org\/es\/wp-json\/wp\/v2\/media?parent=53078"}],"curies":[{"name":"wp","href":"https:\/\/api.w.org\/{rel}","templated":true}]}}