{"id":53063,"date":"2017-02-22T16:21:05","date_gmt":"2017-02-22T15:21:05","guid":{"rendered":"https:\/\/www.uckg.org\/es\/?page_id=53063"},"modified":"2019-07-23T17:34:06","modified_gmt":"2019-07-23T15:34:06","slug":"lets-get-in-touch","status":"publish","type":"page","link":"https:\/\/www.uckg.org\/es\/lets-get-in-touch\/","title":{"rendered":"Let&#8217;s get in touch"},"content":{"rendered":"<p>[vc_row][vc_column][wander_title_block title=&#8221;Env\u00edanos un email&#8221; title_size=&#8221;h2&#8243; is_seperator=&#8221;true&#8221;][vc_column_text]<a href=\"https:\/\/www.uckg.org\/es\/wp-content\/uploads\/2014\/05\/Lets-get-in-touch.jpg\"><img fetchpriority=\"high\" decoding=\"async\" class=\"aligncenter size-full wp-image-53074\" src=\"https:\/\/www.uckg.org\/es\/wp-content\/uploads\/2014\/05\/Lets-get-in-touch.jpg\" alt=\"get-touch-ES\" width=\"1280\" height=\"436\" title=\"\" srcset=\"https:\/\/www.uckg.org\/es\/wp-content\/uploads\/2014\/05\/Lets-get-in-touch.jpg 1280w, https:\/\/www.uckg.org\/es\/wp-content\/uploads\/2014\/05\/Lets-get-in-touch-300x102.jpg 300w, https:\/\/www.uckg.org\/es\/wp-content\/uploads\/2014\/05\/get-touch-ES-768x262.jpg 768w, https:\/\/www.uckg.org\/es\/wp-content\/uploads\/2014\/05\/Lets-get-in-touch-1024x349.jpg 1024w, https:\/\/www.uckg.org\/es\/wp-content\/uploads\/2014\/05\/Lets-get-in-touch-500x170.jpg 500w\" sizes=\"(max-width: 1280px) 100vw, 1280px\" \/><\/a><\/p>\n<p>Tus preguntas y comentarios son importantes para nosotros. Env\u00edanos un email utilizando el siguiente formulario y nuestro representante se pondr\u00e1 en contacto contigo lo antes posible.<\/p>\n<p>&nbsp;<\/p>\n\n<div class=\"wpcf7 no-js\" id=\"wpcf7-f39059-o1\" lang=\"en-US\" dir=\"ltr\" data-wpcf7-id=\"39059\">\n<div class=\"screen-reader-response\"><p role=\"status\" aria-live=\"polite\" aria-atomic=\"true\"><\/p> <ul><\/ul><\/div>\n<form action=\"\/es\/wp-json\/wp\/v2\/pages\/53063#wpcf7-f39059-o1\" method=\"post\" class=\"wpcf7-form init\" aria-label=\"Contact form\" novalidate=\"novalidate\" data-status=\"init\">\n<fieldset class=\"hidden-fields-container\"><input type=\"hidden\" name=\"_wpcf7\" value=\"39059\" \/><input type=\"hidden\" name=\"_wpcf7_version\" value=\"6.1.5\" \/><input type=\"hidden\" name=\"_wpcf7_locale\" value=\"en_US\" \/><input type=\"hidden\" name=\"_wpcf7_unit_tag\" value=\"wpcf7-f39059-o1\" \/><input type=\"hidden\" name=\"_wpcf7_container_post\" value=\"0\" \/><input type=\"hidden\" name=\"_wpcf7_posted_data_hash\" value=\"\" \/>\n<\/fieldset>\n<p><strong>\u00a1Escuchamos, entendemos y asesoramos!<\/strong>\n<\/p>\n<p>Nombre (obligatorio)\n<\/p>\n<p><span class=\"wpcf7-form-control-wrap\" data-name=\"su-nombre\"><input size=\"40\" maxlength=\"400\" class=\"wpcf7-form-control wpcf7-text wpcf7-validates-as-required\" aria-required=\"true\" aria-invalid=\"false\" value=\"\" type=\"text\" name=\"su-nombre\" \/><\/span>\n<\/p>\n<p>Email (obligatorio)\n<\/p>\n<p><span class=\"wpcf7-form-control-wrap\" data-name=\"su-email\"><input size=\"40\" maxlength=\"400\" class=\"wpcf7-form-control wpcf7-email wpcf7-validates-as-required wpcf7-text wpcf7-validates-as-email\" aria-required=\"true\" aria-invalid=\"false\" value=\"\" type=\"email\" name=\"su-email\" \/><\/span>\n<\/p>\n<p>Tema:\n<\/p>\n<p><span class=\"wpcf7-form-control-wrap\" data-name=\"assunto\"><select class=\"wpcf7-form-control wpcf7-select wpcf7-validates-as-required\" aria-required=\"true\" aria-invalid=\"false\" name=\"assunto\"><option value=\"\">Seleccione su consulta<\/option><option value=\"Cuidado espiritual\">Cuidado espiritual<\/option><option value=\"Administrativo\">Administrativo<\/option><option value=\"Prensa\">Prensa<\/option><option value=\"Site uckg.org\/es\">Site uckg.org\/es<\/option><option value=\"Otros\">Otros<\/option><\/select><\/span>\n<\/p>\n<p>Env\u00ede su pregunta\n<\/p>\n<p><span class=\"wpcf7-form-control-wrap\" data-name=\"su-mensaje\"><textarea cols=\"40\" rows=\"10\" maxlength=\"2000\" class=\"wpcf7-form-control wpcf7-textarea\" aria-invalid=\"false\" name=\"su-mensaje\"><\/textarea><\/span>\n<\/p>\n<p><span class=\"wpcf7-form-control-wrap\" data-name=\"acceptance-terms\"><span class=\"wpcf7-form-control wpcf7-acceptance optional\"><span class=\"wpcf7-list-item\"><label><input type=\"checkbox\" name=\"acceptance-terms\" value=\"1\" class=\"acceptance-terms-conditions\" id=\"acceptance-terms-conditions\" aria-invalid=\"false\" \/><span class=\"wpcf7-list-item-label\">Para que podamos brindarle servicios, debemos recopilar sus datos personales. Nos comprometemos a garantizar que la informaci\u00f3n que recopilamos y usamos sea adecuada para este fin y no constituya una invasi\u00f3n de su privacidad. Para saber m\u00e1s sobre sus derechos y nuestra pol\u00edtica, consulte <span style=\"color: #00ccff;\"><a style=\"color: #00ccff;\" href=\"https:\/\/www.uckg.org\/es\/politica-de-privacidad\/\">esta p\u00e1gina<\/a><\/span>.<\/span><\/label><\/span><\/span><\/span>\n<\/p>\n<div id=\"button\">\n\t<p><input class=\"wpcf7-form-control wpcf7-submit has-spinner\" type=\"submit\" value=\"Enviar\" \/>\n\t<\/p>\n<\/div><p style=\"display: none !important;\" class=\"akismet-fields-container\" data-prefix=\"_wpcf7_ak_\"><label>&#916;<textarea name=\"_wpcf7_ak_hp_textarea\" cols=\"45\" rows=\"8\" maxlength=\"100\"><\/textarea><\/label><input type=\"hidden\" id=\"ak_js_1\" name=\"_wpcf7_ak_js\" value=\"5\"\/><script>document.getElementById( \"ak_js_1\" ).setAttribute( \"value\", ( new Date() ).getTime() );<\/script><\/p><div class=\"wpcf7-response-output\" aria-hidden=\"true\"><\/div>\n<\/form>\n<\/div>\n\n<p>&nbsp;<\/p>\n<p>Utiliza este formulario para contactarnos. O puedes llamarnos al nuestro l\u00ednea de Atenci\u00f3n disponible las 24 horas al 020 7686 6040 o env\u00edanos un email directamente a fp.esp@uckg.org<\/p>\n<p style=\"text-align: justify;\"><strong>\u00a1Extiend la mano hoy!<\/strong><\/p>\n<p>&nbsp;<\/p>\n<p><span style=\"color: #0cb4ce;\">SEDE<\/span><\/p>\n<p>&nbsp;<\/p>\n<p>Teatro Rainbow<\/p>\n<p>232 Seven Sisters Road<\/p>\n<p>Finsbury Park, Londres<\/p>\n<p>N4 3NX[\/vc_column_text][\/vc_column][\/vc_row]<\/p>\n","protected":false},"excerpt":{"rendered":"<p>[vc_row][vc_column][wander_title_block title=&#8221;Env\u00edanos un email&#8221; title_size=&#8221;h2&#8243; is_seperator=&#8221;true&#8221;][vc_column_text] Tus preguntas y comentarios son importantes para nosotros. Env\u00edanos un email utilizando el siguiente formulario y nuestro representante se pondr\u00e1 en contacto contigo lo antes posible. &nbsp; &nbsp; Utiliza este formulario para contactarnos. O puedes llamarnos al nuestro l\u00ednea de Atenci\u00f3n disponible las 24 horas al 020 7686 6040 [&hellip;]<\/p>\n","protected":false},"author":1,"featured_media":0,"parent":0,"menu_order":0,"comment_status":"closed","ping_status":"closed","template":"","meta":{"give_campaign_id":0,"_monsterinsights_skip_tracking":false,"_monsterinsights_sitenote_active":false,"_monsterinsights_sitenote_note":"","_monsterinsights_sitenote_category":0,"footnotes":""},"class_list":["post-53063","page","type-page","status-publish","hentry"],"campaignId":"","_links":{"self":[{"href":"https:\/\/www.uckg.org\/es\/wp-json\/wp\/v2\/pages\/53063","targetHints":{"allow":["GET"]}}],"collection":[{"href":"https:\/\/www.uckg.org\/es\/wp-json\/wp\/v2\/pages"}],"about":[{"href":"https:\/\/www.uckg.org\/es\/wp-json\/wp\/v2\/types\/page"}],"author":[{"embeddable":true,"href":"https:\/\/www.uckg.org\/es\/wp-json\/wp\/v2\/users\/1"}],"replies":[{"embeddable":true,"href":"https:\/\/www.uckg.org\/es\/wp-json\/wp\/v2\/comments?post=53063"}],"version-history":[{"count":2,"href":"https:\/\/www.uckg.org\/es\/wp-json\/wp\/v2\/pages\/53063\/revisions"}],"predecessor-version":[{"id":78947,"href":"https:\/\/www.uckg.org\/es\/wp-json\/wp\/v2\/pages\/53063\/revisions\/78947"}],"wp:attachment":[{"href":"https:\/\/www.uckg.org\/es\/wp-json\/wp\/v2\/media?parent=53063"}],"curies":[{"name":"wp","href":"https:\/\/api.w.org\/{rel}","templated":true}]}}