{"id":53055,"date":"2017-02-22T11:53:28","date_gmt":"2017-02-22T10:53:28","guid":{"rendered":"https:\/\/www.uckg.org\/es\/?page_id=53055"},"modified":"2018-09-19T13:38:44","modified_gmt":"2018-09-19T11:38:44","slug":"the-uckg-helpcentre-helped-us-make-a-new-beginning","status":"publish","type":"page","link":"https:\/\/www.uckg.org\/es\/the-uckg-helpcentre-helped-us-make-a-new-beginning\/","title":{"rendered":"El Centro de ayuda UCKG ayuda a las personas a crear un comienzo nuevo"},"content":{"rendered":"<p>[vc_row][vc_column][wander_title_block title=&#8221;Como nos ayud\u00f3 el Centro de Ayuda UCKG<br \/>\n&#8221; title_size=&#8221;h2&#8243; title_align=&#8221;text-center&#8221; is_seperator=&#8221;true&#8221;][vc_column_text]<\/p>\n<h4 style=\"text-align: center;\"><em>&#8220;No desistimos de nadie. Por eso hacemos lo que hacemos.&#8221;<\/em><\/h4>\n<p>[\/vc_column_text][vc_empty_space][vc_empty_space][vc_column_text]<strong><a href=\"https:\/\/www.uckg.org\/es\/wp-content\/uploads\/2017\/02\/UCKG-jay.png\"><img decoding=\"async\" class=\"size-full wp-image-53463 alignright\" src=\"https:\/\/www.uckg.org\/es\/wp-content\/uploads\/2017\/02\/UCKG-jay.png\" width=\"150\" height=\"150\" alt=\"UCKG-jay\" title=\"\" srcset=\"https:\/\/www.uckg.org\/es\/wp-content\/uploads\/2017\/02\/UCKG-jay.png 150w, https:\/\/www.uckg.org\/es\/wp-content\/uploads\/2017\/02\/UCKG-jay-50x50.png 50w\" sizes=\"(max-width: 150px) 100vw, 150px\" \/><\/a>Hoy, nos amamos profundamente\u2028<\/strong><\/p>\n<p>Mi marido y yo no tuvimos la oportunidad de conocernos antes de casarnos, lo cual hizo que nuestra relaci\u00f3n fuera frustrante, por no decir m\u00e1s. Pero, pedir consejo fue la clave para descubrir que los matrimonios concertados pueden funcionar. Cuando pusimos esto en pr\u00e1ctica, aprendimos a amarnos profundamente.<\/p>\n<p><em><strong>Vani and Jay Chinapyel<\/strong><\/em>[\/vc_column_text][vc_empty_space height=&#8221;70px&#8221;][vc_column_text]<strong><a href=\"https:\/\/www.uckg.org\/es\/wp-content\/uploads\/2017\/02\/UCKG-victor.png\"><img decoding=\"async\" class=\"alignright size-full wp-image-53470\" src=\"https:\/\/www.uckg.org\/es\/wp-content\/uploads\/2017\/02\/UCKG-victor.png\" width=\"150\" height=\"150\" alt=\"UCKG-victor\" title=\"\"><\/a>Una buena salud es una buena vida<\/strong><\/p>\n<p>En el a\u00f1o 1995, supe que ten\u00eda insuficiencia circulatoria aguda (shock). Me frustr\u00e9 y siempre estaba desanimado. Me sent\u00eda agotado f\u00edsica y moralmente. Tener el UCKG de mi lado durante mi tratamiento fue algo que no tiene precio. Me ayudaron espiritualmente y a entender que estar enfermo no significaba que mi vida se ten\u00eda que detener. Desde entonces, pude completar la carrera de mis sue\u00f1os, comenzar mi propia empresa y casarme. No soy millonario, pero soy feliz y no muchas personas pueden decir eso.<\/p>\n<p><em><strong>Victor Akutu\u00a0<\/strong><\/em>[\/vc_column_text][vc_empty_space height=&#8221;70px&#8221;][vc_column_text]<strong><a href=\"https:\/\/www.uckg.org\/es\/wp-content\/uploads\/2017\/02\/UCKG-lisa.png\"><img decoding=\"async\" class=\"alignright size-full wp-image-53487\" src=\"https:\/\/www.uckg.org\/es\/wp-content\/uploads\/2017\/02\/UCKG-lisa.png\" width=\"150\" height=\"150\" alt=\"UCKG-lisa\" title=\"\" srcset=\"https:\/\/www.uckg.org\/es\/wp-content\/uploads\/2017\/02\/UCKG-lisa.png 150w, https:\/\/www.uckg.org\/es\/wp-content\/uploads\/2017\/02\/UCKG-lisa-50x50.png 50w\" sizes=\"(max-width: 150px) 100vw, 150px\" \/><\/a>Un gran fututo, no exige un gran pasado<\/strong><\/p>\n<p>Despu\u00e9s de tener dos matrimonios fracasados, una temporada de drogadicci\u00f3n y una familia desintegrada, no me pod\u00eda imaginar la vida de otra manera que la rutina mundana que era. Por afuera, era la vida y el alma de cualquier fiesta, pero estaba amargada y no pod\u00eda entender el por qu\u00e9 se hab\u00eda ocupado de m\u00ed una mano tan mala. Estaba deprimida y no me valoraba, pero no quer\u00eda ser as\u00ed. Quer\u00eda algo m\u00e1s para m\u00ed misma y para mi hija, y el Centro de Ayuda me ayud\u00f3 a figurar como hacer eso. Me hab\u00edan decepcionado tantas veces antes que me costaba confiar en las personas, pero nunca desistieron de m\u00ed. Poco a poco, me desahogu\u00e9 y con el tiempo, las cosas cambiaron. El UCKG me ayud\u00f3 a encontrarme a m\u00ed misma otra vez cuando me sent\u00eda perdida.<\/p>\n<p><em><strong>Lisa Zapata\u00a0<\/strong><\/em>[\/vc_column_text][vc_empty_space height=&#8221;60px&#8221;][vc_column_text]<strong><a href=\"https:\/\/www.uckg.org\/es\/wp-content\/uploads\/2017\/02\/UCKG-family.png\"><img loading=\"lazy\" decoding=\"async\" class=\"alignright size-full wp-image-53488\" src=\"https:\/\/www.uckg.org\/es\/wp-content\/uploads\/2017\/02\/UCKG-family.png\" width=\"150\" height=\"150\" alt=\"Por qu\u00e9 tu familia es importante\" title=\"\" srcset=\"https:\/\/www.uckg.org\/es\/wp-content\/uploads\/2017\/02\/UCKG-family.png 150w, https:\/\/www.uckg.org\/es\/wp-content\/uploads\/2017\/02\/UCKG-family-50x50.png 50w\" sizes=\"(max-width: 150px) 100vw, 150px\" \/><\/a>El mejor padre que puedo ser<\/strong><\/p>\n<p>\u201cMi vicio al alcohol puso mucha tensi\u00f3n en mi familia. \u00a1La \u00faltima gota que colm\u00f3 el vaso fue cuando Leah (mi novia de aquella) descubri\u00f3 mis andadas con otras mujeres y me ech\u00f3 de casa! No pod\u00eda dejar que mi relaci\u00f3n de 12 a\u00f1os se echara a perder, pero hab\u00eda algo que me imped\u00eda demostrarle el amor a mi familia. Fue ah\u00ed donde me ayud\u00f3 el UCKG. Me ayudaron a llegar a la ra\u00edz del por qu\u00e9 lidiaba con las cosas de aquella manera y me dieron consejos pr\u00e1cticos para cambiar. Ahora se c\u00f3mo ser el mejor padre para mis hijos y marido para mi esposa.<\/p>\n<p><strong><em>Nixon de Abreu<\/em>\u00a0<\/strong>[\/vc_column_text][vc_empty_space height=&#8221;60px&#8221;][vc_column_text]<strong><a href=\"https:\/\/www.uckg.org\/es\/wp-content\/uploads\/2017\/02\/UCKG-sherene.png\"><img loading=\"lazy\" decoding=\"async\" class=\"alignright size-full wp-image-53489\" src=\"https:\/\/www.uckg.org\/es\/wp-content\/uploads\/2017\/02\/UCKG-sherene.png\" width=\"150\" height=\"150\" alt=\"UCKG-sherene\" title=\"\" srcset=\"https:\/\/www.uckg.org\/es\/wp-content\/uploads\/2017\/02\/UCKG-sherene.png 150w, https:\/\/www.uckg.org\/es\/wp-content\/uploads\/2017\/02\/UCKG-sherene-50x50.png 50w\" sizes=\"(max-width: 150px) 100vw, 150px\" \/><\/a>Lidiar con ser una divorciada<\/strong><\/p>\n<p>\u201cRecuerdo lo perdida que me sent\u00eda cuando llegu\u00e9 a casa para encontrar a mi ex marido rodeado de maletas. \u201cSimplemente ya no te amo\u201d me dijo. Aquellas palabras me persiguieron durante a\u00f1os. El d\u00eda que decid\u00ed enfrentarme a lo m\u00e1s feo de la situaci\u00f3n fue la clave para lidiar con el hecho de ser una divorciada a una edad tan temprana. El Centro de Ayuda me apoy\u00f3 y, aunque me llev\u00f3 tiempo para curarme, aprend\u00ed a amarme a m\u00ed misma otra vez. Disfrut\u00e9 de mi juventud, de la libertad y de mi solter\u00eda. Pero hoy, no solo soy una mujer nueva, sino que estoy felizmente casada.\u201d<\/p>\n<p><em><strong>Sherene Changoo\u00a0<\/strong><\/em>[\/vc_column_text][vc_empty_space height=&#8221;60px&#8221;][vc_column_text]<strong><a href=\"https:\/\/www.uckg.org\/es\/wp-content\/uploads\/2017\/02\/UCKG-joseph.png\"><img loading=\"lazy\" decoding=\"async\" class=\"alignright size-full wp-image-53490\" src=\"https:\/\/www.uckg.org\/es\/wp-content\/uploads\/2017\/02\/UCKG-joseph.png\" width=\"150\" height=\"150\" alt=\"UCKG-joseph\" title=\"\" srcset=\"https:\/\/www.uckg.org\/es\/wp-content\/uploads\/2017\/02\/UCKG-joseph.png 150w, https:\/\/www.uckg.org\/es\/wp-content\/uploads\/2017\/02\/UCKG-joseph-50x50.png 50w\" sizes=\"(max-width: 150px) 100vw, 150px\" \/><\/a>Superar las ansias <\/strong><\/p>\n<p>&#8220;Ni reconoc\u00eda lo viciado que estaba. Prob\u00e9 el \u00e9xtasis, \u00e1cido, coca\u00edna y piedra, entre muchas otras. Ca\u00ed en la cuenta cuando se muri\u00f3 mi madre. La noche despu\u00e9s de su muerte, estaba totalmente descontrolado. El des\u00e1nimo despu\u00e9s me dej\u00f3 en depresi\u00f3n profunda. Me recomendaron que fuera a terapia psicol\u00f3gica, rehabilitaci\u00f3n y tomaba antidepresivos. Pero todav\u00eda me sent\u00eda incapaz de dejarlo. Fue ah\u00ed cuando el UCKG intervino. Me ayudaron a seguir adelante cuando sent\u00eda que deseaba desistir. Hoy, soy un ingeniero cualificado y \u00a1quiero que las personas sepan que hay la ayuda al alcance!&#8221;<\/p>\n<p><em><strong>Joseph Dyer <\/strong><\/em>[\/vc_column_text][vc_empty_space height=&#8221;70px&#8221;][\/vc_column][\/vc_row]<\/p>\n","protected":false},"excerpt":{"rendered":"<p>[vc_row][vc_column][wander_title_block title=&#8221;Como nos ayud\u00f3 el Centro de Ayuda UCKG &#8221; title_size=&#8221;h2&#8243; title_align=&#8221;text-center&#8221; is_seperator=&#8221;true&#8221;][vc_column_text] &#8220;No desistimos de nadie. Por eso hacemos lo que hacemos.&#8221; [\/vc_column_text][vc_empty_space][vc_empty_space][vc_column_text]Hoy, nos amamos profundamente\u2028 Mi marido y yo no tuvimos la oportunidad de conocernos antes de casarnos, lo cual hizo que nuestra relaci\u00f3n fuera frustrante, por no decir m\u00e1s. Pero, pedir consejo [&hellip;]<\/p>\n","protected":false},"author":1,"featured_media":0,"parent":0,"menu_order":0,"comment_status":"closed","ping_status":"closed","template":"","meta":{"give_campaign_id":0,"_monsterinsights_skip_tracking":false,"_monsterinsights_sitenote_active":false,"_monsterinsights_sitenote_note":"","_monsterinsights_sitenote_category":0,"footnotes":""},"class_list":["post-53055","page","type-page","status-publish","hentry"],"campaignId":"","_links":{"self":[{"href":"https:\/\/www.uckg.org\/es\/wp-json\/wp\/v2\/pages\/53055","targetHints":{"allow":["GET"]}}],"collection":[{"href":"https:\/\/www.uckg.org\/es\/wp-json\/wp\/v2\/pages"}],"about":[{"href":"https:\/\/www.uckg.org\/es\/wp-json\/wp\/v2\/types\/page"}],"author":[{"embeddable":true,"href":"https:\/\/www.uckg.org\/es\/wp-json\/wp\/v2\/users\/1"}],"replies":[{"embeddable":true,"href":"https:\/\/www.uckg.org\/es\/wp-json\/wp\/v2\/comments?post=53055"}],"version-history":[{"count":0,"href":"https:\/\/www.uckg.org\/es\/wp-json\/wp\/v2\/pages\/53055\/revisions"}],"wp:attachment":[{"href":"https:\/\/www.uckg.org\/es\/wp-json\/wp\/v2\/media?parent=53055"}],"curies":[{"name":"wp","href":"https:\/\/api.w.org\/{rel}","templated":true}]}}