{"id":53029,"date":"2017-02-22T10:40:02","date_gmt":"2017-02-22T09:40:02","guid":{"rendered":"https:\/\/www.uckg.org\/es\/?page_id=53029"},"modified":"2018-09-21T09:52:51","modified_gmt":"2018-09-21T07:52:51","slug":"ofrendas-da-un-regalo-especial-hoy","status":"publish","type":"page","link":"https:\/\/www.uckg.org\/es\/ofrendas-da-un-regalo-especial-hoy\/","title":{"rendered":"Ofrendas \u2013 Da un regalo especial hoy"},"content":{"rendered":"<p>[vc_row][vc_column][wander_title_block title=&#8221;Da un regalo especial hoy<br \/>\n&#8221; title_size=&#8221;h2&#8243; title_align=&#8221;text-center&#8221; is_seperator=&#8221;true&#8221;][vc_column_text]<\/p>\n<p style=\"text-align: justify;\"><a href=\"https:\/\/www.uckg.org\/es\/wp-content\/uploads\/2014\/05\/giftaid.png\"><img fetchpriority=\"high\" decoding=\"async\" class=\"aligncenter size-full wp-image-53030\" src=\"https:\/\/www.uckg.org\/es\/wp-content\/uploads\/2014\/05\/giftaid.png\" width=\"1280\" height=\"436\" alt=\"giftaid\" title=\"\" srcset=\"https:\/\/www.uckg.org\/es\/wp-content\/uploads\/2014\/05\/giftaid.png 1280w, https:\/\/www.uckg.org\/es\/wp-content\/uploads\/2014\/05\/giftaid-300x102.png 300w, https:\/\/www.uckg.org\/es\/wp-content\/uploads\/2014\/05\/giftaid-768x262.png 768w, https:\/\/www.uckg.org\/es\/wp-content\/uploads\/2014\/05\/giftaid-1024x349.png 1024w, https:\/\/www.uckg.org\/es\/wp-content\/uploads\/2014\/05\/giftaid-500x170.png 500w\" sizes=\"(max-width: 1280px) 100vw, 1280px\" \/><\/a><\/p>\n<p style=\"text-align: justify;\"><strong><em>\u201cQue cada uno d\u00e9 como propuso en su coraz\u00f3n, no de mala gana ni por obligaci\u00f3n, porque Dios ama al dador alegre.<\/em><\/strong>\u201d (2 Corintios 9:7).<br \/>\nDar ofrendas es un acto voluntario; nadie est\u00e1 obligado, sino que se da de todo coraz\u00f3n. Dar ofrendas es tambi\u00e9n un term\u00f3metro de la apreciaci\u00f3n de uno por Dios, pero se puede dar por muchas razones, por ejemplo, ofrendas de agradecimiento u ofrendas para buscar una respuesta espec\u00edfica.<\/p>\n<p>Puedes presentar tus ofrendas en el Altar de tu Centro de Ayuda m\u00e1s cercano, o lo puedes dar por internet <span style=\"text-decoration: underline;\"><span style=\"color: #0cb4ce;\"><a style=\"color: #0cb4ce; text-decoration: underline;\" href=\"\/es\/donaciones\/\">aqu\u00ed<\/a><\/span><\/span>.[\/vc_column_text][\/vc_column][\/vc_row]<\/p>\n","protected":false},"excerpt":{"rendered":"<p>[vc_row][vc_column][wander_title_block title=&#8221;Da un regalo especial hoy &#8221; title_size=&#8221;h2&#8243; title_align=&#8221;text-center&#8221; is_seperator=&#8221;true&#8221;][vc_column_text] \u201cQue cada uno d\u00e9 como propuso en su coraz\u00f3n, no de mala gana ni por obligaci\u00f3n, porque Dios ama al dador alegre.\u201d (2 Corintios 9:7). Dar ofrendas es un acto voluntario; nadie est\u00e1 obligado, sino que se da de todo coraz\u00f3n. Dar ofrendas es tambi\u00e9n [&hellip;]<\/p>\n","protected":false},"author":1,"featured_media":0,"parent":0,"menu_order":0,"comment_status":"closed","ping_status":"closed","template":"","meta":{"give_campaign_id":0,"_monsterinsights_skip_tracking":false,"_monsterinsights_sitenote_active":false,"_monsterinsights_sitenote_note":"","_monsterinsights_sitenote_category":0,"footnotes":""},"class_list":["post-53029","page","type-page","status-publish","hentry"],"campaignId":"","_links":{"self":[{"href":"https:\/\/www.uckg.org\/es\/wp-json\/wp\/v2\/pages\/53029","targetHints":{"allow":["GET"]}}],"collection":[{"href":"https:\/\/www.uckg.org\/es\/wp-json\/wp\/v2\/pages"}],"about":[{"href":"https:\/\/www.uckg.org\/es\/wp-json\/wp\/v2\/types\/page"}],"author":[{"embeddable":true,"href":"https:\/\/www.uckg.org\/es\/wp-json\/wp\/v2\/users\/1"}],"replies":[{"embeddable":true,"href":"https:\/\/www.uckg.org\/es\/wp-json\/wp\/v2\/comments?post=53029"}],"version-history":[{"count":0,"href":"https:\/\/www.uckg.org\/es\/wp-json\/wp\/v2\/pages\/53029\/revisions"}],"wp:attachment":[{"href":"https:\/\/www.uckg.org\/es\/wp-json\/wp\/v2\/media?parent=53029"}],"curies":[{"name":"wp","href":"https:\/\/api.w.org\/{rel}","templated":true}]}}