{"id":52970,"date":"2016-12-02T11:31:03","date_gmt":"2016-12-02T10:31:03","guid":{"rendered":"https:\/\/www.uckg.org\/es\/?page_id=52970"},"modified":"2019-07-23T17:28:54","modified_gmt":"2019-07-23T15:28:54","slug":"necesitas-oracion","status":"publish","type":"page","link":"https:\/\/www.uckg.org\/es\/necesitas-oracion\/","title":{"rendered":"\u00bfNecesitas oraci\u00f3n?"},"content":{"rendered":"<p>[vc_row][vc_column][wander_title_block title=&#8221;\u00bfNecesitas oraci\u00f3n?&#8221; title_size=&#8221;h2&#8243; title_align=&#8221;text-center&#8221; is_seperator=&#8221;true&#8221;][vc_empty_space][vc_empty_space][vc_column_text]<br \/>\n<em><a title=\"\u00bfNecesitas oraci\u00f3n?\" href=\"https:\/\/www.uckg.org\/es\/wp-content\/uploads\/2016\/12\/Necesitas-oracion.jpg\" rel=\"\"><img fetchpriority=\"high\" decoding=\"async\" class=\"alignright size-full wp-image-53456\" src=\"https:\/\/www.uckg.org\/es\/wp-content\/uploads\/2016\/12\/Necesitas-oracion.jpg\" alt=\"oneprayernew\" width=\"1280\" height=\"436\" title=\"\" srcset=\"https:\/\/www.uckg.org\/es\/wp-content\/uploads\/2016\/12\/Necesitas-oracion.jpg 1280w, https:\/\/www.uckg.org\/es\/wp-content\/uploads\/2016\/12\/Necesitas-oracion-300x102.jpg 300w, https:\/\/www.uckg.org\/es\/wp-content\/uploads\/2016\/12\/oneprayernew-768x262.jpg 768w, https:\/\/www.uckg.org\/es\/wp-content\/uploads\/2016\/12\/Necesitas-oracion-1024x349.jpg 1024w, https:\/\/www.uckg.org\/es\/wp-content\/uploads\/2016\/12\/Necesitas-oracion-500x170.jpg 500w\" sizes=\"(max-width: 1280px) 100vw, 1280px\" \/><\/a><\/em><\/p>\n<p>&nbsp;<\/p>\n<p>&nbsp;<\/p>\n<p>\u201c<strong>Porque donde est\u00e1n dos o tres reunidos en mi nombre, all\u00ed estoy yo en medio de ellos<\/strong>.\u201d Mateo 18:20<\/p>\n<p>Creemos que tan solo una oraci\u00f3n puede hacer toda la diferencia, entonces, cualquiera que sea el problema al que se est\u00e9 enfrentando, no est\u00e1 solo.<br \/>\nEnv\u00edenos su pedido de oraci\u00f3n y los obispos y pastores orar\u00e1n por usted.<\/p>\n<p>Todas las peticiones ser\u00e1n confidenciales entre usted y aquellos que oren por usted. Los pedidos de oraci\u00f3n son enviadas directamente al Obispo encargado.<\/p>\n\n<div class=\"wpcf7 no-js\" id=\"wpcf7-f45424-o1\" lang=\"en-US\" dir=\"ltr\" data-wpcf7-id=\"45424\">\n<div class=\"screen-reader-response\"><p role=\"status\" aria-live=\"polite\" aria-atomic=\"true\"><\/p> <ul><\/ul><\/div>\n<form action=\"\/es\/wp-json\/wp\/v2\/pages\/52970#wpcf7-f45424-o1\" method=\"post\" class=\"wpcf7-form init\" aria-label=\"Contact form\" novalidate=\"novalidate\" data-status=\"init\">\n<fieldset class=\"hidden-fields-container\"><input type=\"hidden\" name=\"_wpcf7\" value=\"45424\" \/><input type=\"hidden\" name=\"_wpcf7_version\" value=\"6.1.5\" \/><input type=\"hidden\" name=\"_wpcf7_locale\" value=\"en_US\" \/><input type=\"hidden\" name=\"_wpcf7_unit_tag\" value=\"wpcf7-f45424-o1\" \/><input type=\"hidden\" name=\"_wpcf7_container_post\" value=\"0\" \/><input type=\"hidden\" name=\"_wpcf7_posted_data_hash\" value=\"\" \/>\n<\/fieldset>\n<p>Nombre<br \/>\n<span class=\"wpcf7-form-control-wrap\" data-name=\"su-nombre\"><input size=\"40\" maxlength=\"400\" class=\"wpcf7-form-control wpcf7-text wpcf7-validates-as-required\" aria-required=\"true\" aria-invalid=\"false\" value=\"\" type=\"text\" name=\"su-nombre\" \/><\/span>\n<\/p>\n<p>Correo eletr\u00f3nico<br \/>\n<span class=\"wpcf7-form-control-wrap\" data-name=\"su-email\"><input size=\"40\" maxlength=\"400\" class=\"wpcf7-form-control wpcf7-email wpcf7-validates-as-required wpcf7-text wpcf7-validates-as-email\" aria-required=\"true\" aria-invalid=\"false\" value=\"\" type=\"email\" name=\"su-email\" \/><\/span>\n<\/p>\n<p>Ciudad<br \/>\n<span class=\"wpcf7-form-control-wrap\" data-name=\"Ciudad\"><input size=\"40\" maxlength=\"400\" class=\"wpcf7-form-control wpcf7-text wpcf7-validates-as-required\" aria-required=\"true\" aria-invalid=\"false\" value=\"\" type=\"text\" name=\"Ciudad\" \/><\/span>\n<\/p>\n<p>Pa\u00eds<br \/>\n[text* Pa\u00eds]\n<\/p>\n<p>Su Pedido de Oraci\u00f3n\n<\/p>\n<p><span class=\"wpcf7-form-control-wrap\" data-name=\"su-mensaje\"><textarea cols=\"40\" rows=\"10\" maxlength=\"2000\" class=\"wpcf7-form-control wpcf7-textarea\" aria-invalid=\"false\" name=\"su-mensaje\"><\/textarea><\/span>\n<\/p>\n<p>\u00bfEs usted un miembro del Centro de Ayuda UCKG?<br \/>\n<span class=\"wpcf7-form-control-wrap\" data-name=\"EsustedunmiembrodelCentrodeAyudaUCKG\"><span class=\"wpcf7-form-control wpcf7-checkbox\"><span class=\"wpcf7-list-item first\"><input type=\"checkbox\" name=\"EsustedunmiembrodelCentrodeAyudaUCKG[]\" value=\"S\u00ed\" \/><span class=\"wpcf7-list-item-label\">S\u00ed<\/span><\/span><span class=\"wpcf7-list-item last\"><input type=\"checkbox\" name=\"EsustedunmiembrodelCentrodeAyudaUCKG[]\" value=\"No\" \/><span class=\"wpcf7-list-item-label\">No<\/span><\/span><\/span><\/span>\n<\/p>\n<p><span class=\"wpcf7-form-control-wrap\" data-name=\"acceptance-terms\"><span class=\"wpcf7-form-control wpcf7-acceptance optional\"><span class=\"wpcf7-list-item\"><label><input type=\"checkbox\" name=\"acceptance-terms\" value=\"1\" class=\"acceptance-terms-conditions\" id=\"acceptance-terms-conditions\" aria-invalid=\"false\" \/><span class=\"wpcf7-list-item-label\">Para que podamos brindarle servicios, debemos recopilar sus datos personales. Nos comprometemos a garantizar que la informaci\u00f3n que recopilamos y usamos sea adecuada para este fin y no constituya una invasi\u00f3n de su privacidad. Para saber m\u00e1s sobre sus derechos y nuestra pol\u00edtica, consulte <span style=\"color: #00ccff;\"><a style=\"color: #00ccff;\" href=\"https:\/\/www.uckg.org\/es\/politica-de-privacidad\/\">esta p\u00e1gina<\/a><\/span>.<\/span><\/label><\/span><\/span><\/span>\n<\/p>\n<p>[recaptcha]\n<\/p>\n<p><input class=\"wpcf7-form-control wpcf7-submit has-spinner\" type=\"submit\" value=\"Enviar\" \/>\n<\/p><p style=\"display: none !important;\" class=\"akismet-fields-container\" data-prefix=\"_wpcf7_ak_\"><label>&#916;<textarea name=\"_wpcf7_ak_hp_textarea\" cols=\"45\" rows=\"8\" maxlength=\"100\"><\/textarea><\/label><input type=\"hidden\" id=\"ak_js_1\" name=\"_wpcf7_ak_js\" value=\"159\"\/><script>document.getElementById( \"ak_js_1\" ).setAttribute( \"value\", ( new Date() ).getTime() );<\/script><\/p><div class=\"wpcf7-response-output\" aria-hidden=\"true\"><\/div>\n<\/form>\n<\/div>\n\n<p>[\/vc_column_text][\/vc_column][\/vc_row]<\/p>\n","protected":false},"excerpt":{"rendered":"<p>[vc_row][vc_column][wander_title_block title=&#8221;\u00bfNecesitas oraci\u00f3n?&#8221; title_size=&#8221;h2&#8243; title_align=&#8221;text-center&#8221; is_seperator=&#8221;true&#8221;][vc_empty_space][vc_empty_space][vc_column_text] &nbsp; &nbsp; \u201cPorque donde est\u00e1n dos o tres reunidos en mi nombre, all\u00ed estoy yo en medio de ellos.\u201d Mateo 18:20 Creemos que tan solo una oraci\u00f3n puede hacer toda la diferencia, entonces, cualquiera que sea el problema al que se est\u00e9 enfrentando, no est\u00e1 solo. Env\u00edenos su pedido [&hellip;]<\/p>\n","protected":false},"author":12,"featured_media":0,"parent":0,"menu_order":0,"comment_status":"closed","ping_status":"closed","template":"","meta":{"give_campaign_id":0,"_monsterinsights_skip_tracking":false,"_monsterinsights_sitenote_active":false,"_monsterinsights_sitenote_note":"","_monsterinsights_sitenote_category":0,"footnotes":""},"class_list":["post-52970","page","type-page","status-publish","hentry"],"campaignId":"","_links":{"self":[{"href":"https:\/\/www.uckg.org\/es\/wp-json\/wp\/v2\/pages\/52970","targetHints":{"allow":["GET"]}}],"collection":[{"href":"https:\/\/www.uckg.org\/es\/wp-json\/wp\/v2\/pages"}],"about":[{"href":"https:\/\/www.uckg.org\/es\/wp-json\/wp\/v2\/types\/page"}],"author":[{"embeddable":true,"href":"https:\/\/www.uckg.org\/es\/wp-json\/wp\/v2\/users\/12"}],"replies":[{"embeddable":true,"href":"https:\/\/www.uckg.org\/es\/wp-json\/wp\/v2\/comments?post=52970"}],"version-history":[{"count":2,"href":"https:\/\/www.uckg.org\/es\/wp-json\/wp\/v2\/pages\/52970\/revisions"}],"predecessor-version":[{"id":64610,"href":"https:\/\/www.uckg.org\/es\/wp-json\/wp\/v2\/pages\/52970\/revisions\/64610"}],"wp:attachment":[{"href":"https:\/\/www.uckg.org\/es\/wp-json\/wp\/v2\/media?parent=52970"}],"curies":[{"name":"wp","href":"https:\/\/api.w.org\/{rel}","templated":true}]}}