{"id":52967,"date":"2016-12-02T11:27:30","date_gmt":"2016-12-02T10:27:30","guid":{"rendered":"https:\/\/www.uckg.org\/es\/?page_id=52967"},"modified":"2025-10-29T18:10:47","modified_gmt":"2025-10-29T17:10:47","slug":"agenda-semanal","status":"publish","type":"page","link":"https:\/\/www.uckg.org\/es\/agenda-semanal\/","title":{"rendered":"Agenda semanal"},"content":{"rendered":"<p style=\"text-align: justify;\"><span style=\"color: #808080;\"><strong>Uno de nuestros miembros lo describi\u00f3 en pocas palabras cuando dijo: \u201c\u00a1El centro de Ayuda puede cambiar tu vida!\u201d<\/strong><\/span><\/p>\n<p style=\"text-align: justify;\"><span style=\"color: #808080;\">Ayudar a las personas es lo que nos impulsa. Y aun as\u00ed, reconocemos que la mejor manera y la ayuda m\u00e1s permanente que podemos darle a alguien es invisti\u00e9ndolo de poder cuando les ense\u00f1amos a ayudarse a s\u00ed mismos. Este objetivo subyace todo lo que hacemos. En la pr\u00e1ctica, el coraz\u00f3n de nuestra obra son las reuniones diarias que tenemos en cada Centro de Ayuda.<\/span><\/p>\n<p style=\"text-align: justify;\"><span style=\"color: #808080;\"> Estas son reuniones de 45 a 90 minutos donde damos consejos pr\u00e1cticos y ense\u00f1amos como cambiar y mejorar varios aspectos de tu vida. Estas sesiones incluyen oraciones por todas esas cosas que solo Dios puede hacer. \u00c9chale una ojeada a nuestro horario de reuniones y lee la breve descripci\u00f3n para cada d\u00eda. Algunas personas necesitan ayuda con todo lo que est\u00e1 en esta lista, pero la mayor\u00eda se identifica con uno o dos d\u00edas de la semana, a los cuales necesitar\u00e1 asistir.\u00a0<\/span><\/p>\n<p style=\"text-align: justify;\"><span style=\"color: #808080;\">Las citas previas no son necesarias, pero son una buena idea para que puedas hablar con el pastor antes y te pueda aconsejar debidamente para que asistas a la reuni\u00f3n que mejor te convenga seg\u00fan tu situaci\u00f3n. Simplemente, ll\u00e1manos para hacer una cita o, en tu primera visita, p\u00eddele a un voluntario que concierte una cita para que puedas hablar con el pastor.<\/span><\/p>\n<p style=\"text-align: justify;\"><span style=\"color: #808080;\">Las reuniones tienen lugar en la Iglesia Universal de Finsbury Park.<\/span><\/p>\n<p style=\"text-align: justify;\"><span style=\"color: #808080;\"><strong>L\u00ednea de atenci\u00f3n 24 horas:\u00a0<span style=\"color: #00ccff;\">020 7686 6048<\/span><\/strong><\/span><br \/>\n<span style=\"color: #808080;\"><strong>WhatsApp: <span style=\"color: #00ccff;\">+44 7352 945274<\/span><\/strong><\/span><\/p>\n<p style=\"text-align: justify;\"><span style=\"color: #808080;\"><a href=\"https:\/\/www.uckg.org\/es\/wp-content\/uploads\/2025\/10\/New_Website_Timetable_spa.png\"><img fetchpriority=\"high\" decoding=\"async\" class=\"wp-image-2714779 size-full aligncenter\" src=\"https:\/\/www.uckg.org\/es\/wp-content\/uploads\/2025\/10\/New_Website_Timetable_spa.png\" alt=\"\" width=\"883\" height=\"217\" title=\"\" srcset=\"https:\/\/www.uckg.org\/es\/wp-content\/uploads\/2025\/10\/New_Website_Timetable_spa.png 883w, https:\/\/www.uckg.org\/es\/wp-content\/uploads\/2025\/10\/New_Website_Timetable_spa-300x74.png 300w, https:\/\/www.uckg.org\/es\/wp-content\/uploads\/2025\/10\/New_Website_Timetable_spa-768x189.png 768w, https:\/\/www.uckg.org\/es\/wp-content\/uploads\/2025\/10\/New_Website_Timetable_spa-500x123.png 500w\" sizes=\"(max-width: 883px) 100vw, 883px\" \/><\/a><\/span><\/p>\n<p><img decoding=\"async\" class=\"aligncenter size-full wp-image-67382\" src=\"https:\/\/www.uckg.org\/es\/wp-content\/uploads\/2020\/12\/MonnewscheduleSPA.jpg\" alt=\"\" width=\"883\" height=\"217\" title=\"\"><\/p>\n<p><img decoding=\"async\" class=\"aligncenter size-full wp-image-67381\" src=\"https:\/\/www.uckg.org\/es\/wp-content\/uploads\/2020\/12\/WednewscheduleSPA.jpg\" alt=\"\" width=\"883\" height=\"217\" title=\"\"><\/p>\n<p><img loading=\"lazy\" decoding=\"async\" class=\"aligncenter size-full wp-image-67380\" src=\"https:\/\/www.uckg.org\/es\/wp-content\/uploads\/2020\/12\/FRInewscheduleSPA.jpg\" alt=\"\" width=\"883\" height=\"217\" title=\"\"><\/p>\n<p>&nbsp;<\/p>\n","protected":false},"excerpt":{"rendered":"<p>Uno de nuestros miembros lo describi\u00f3 en pocas palabras cuando dijo: \u201c\u00a1El centro de Ayuda puede cambiar tu vida!\u201d Ayudar a las personas es lo que nos impulsa. Y aun as\u00ed, reconocemos que la mejor manera y la ayuda m\u00e1s permanente que podemos darle a alguien es invisti\u00e9ndolo de poder cuando les ense\u00f1amos a ayudarse [&hellip;]<\/p>\n","protected":false},"author":12,"featured_media":0,"parent":0,"menu_order":0,"comment_status":"closed","ping_status":"closed","template":"","meta":{"give_campaign_id":0,"_monsterinsights_skip_tracking":false,"_monsterinsights_sitenote_active":false,"_monsterinsights_sitenote_note":"","_monsterinsights_sitenote_category":0,"footnotes":""},"class_list":["post-52967","page","type-page","status-publish","hentry"],"campaignId":"","_links":{"self":[{"href":"https:\/\/www.uckg.org\/es\/wp-json\/wp\/v2\/pages\/52967","targetHints":{"allow":["GET"]}}],"collection":[{"href":"https:\/\/www.uckg.org\/es\/wp-json\/wp\/v2\/pages"}],"about":[{"href":"https:\/\/www.uckg.org\/es\/wp-json\/wp\/v2\/types\/page"}],"author":[{"embeddable":true,"href":"https:\/\/www.uckg.org\/es\/wp-json\/wp\/v2\/users\/12"}],"replies":[{"embeddable":true,"href":"https:\/\/www.uckg.org\/es\/wp-json\/wp\/v2\/comments?post=52967"}],"version-history":[{"count":9,"href":"https:\/\/www.uckg.org\/es\/wp-json\/wp\/v2\/pages\/52967\/revisions"}],"predecessor-version":[{"id":2714781,"href":"https:\/\/www.uckg.org\/es\/wp-json\/wp\/v2\/pages\/52967\/revisions\/2714781"}],"wp:attachment":[{"href":"https:\/\/www.uckg.org\/es\/wp-json\/wp\/v2\/media?parent=52967"}],"curies":[{"name":"wp","href":"https:\/\/api.w.org\/{rel}","templated":true}]}}