{"id":52965,"date":"2016-12-02T11:21:53","date_gmt":"2016-12-02T10:21:53","guid":{"rendered":"https:\/\/www.uckg.org\/es\/?page_id=52965"},"modified":"2018-09-21T15:40:48","modified_gmt":"2018-09-21T13:40:48","slug":"la-cadena-de-oracion","status":"publish","type":"page","link":"https:\/\/www.uckg.org\/es\/la-cadena-de-oracion\/","title":{"rendered":"La Cadena de Oraci\u00f3n"},"content":{"rendered":"<p>[vc_row][vc_column][wander_title_block title=&#8221;La Cadena de Oraci\u00f3n&#8221; title_size=&#8221;h2&#8243; title_align=&#8221;text-center&#8221; is_seperator=&#8221;true&#8221;][vc_column_text]<\/p>\n<p style=\"text-align: justify;\"><a href=\"https:\/\/www.uckg.org\/es\/wp-content\/uploads\/2016\/12\/chainsp.png\"><img fetchpriority=\"high\" decoding=\"async\" class=\"aligncenter wp-image-53326 size-full\" src=\"https:\/\/www.uckg.org\/es\/wp-content\/uploads\/2016\/12\/chainsp.png\" width=\"1280\" height=\"436\" alt=\"chainsp\" title=\"\" srcset=\"https:\/\/www.uckg.org\/es\/wp-content\/uploads\/2016\/12\/chainsp.png 1280w, https:\/\/www.uckg.org\/es\/wp-content\/uploads\/2016\/12\/chainsp-300x102.png 300w, https:\/\/www.uckg.org\/es\/wp-content\/uploads\/2016\/12\/chainsp-768x262.png 768w, https:\/\/www.uckg.org\/es\/wp-content\/uploads\/2016\/12\/chainsp-1024x349.png 1024w, https:\/\/www.uckg.org\/es\/wp-content\/uploads\/2016\/12\/chainsp-500x170.png 500w\" sizes=\"(max-width: 1280px) 100vw, 1280px\" \/><\/a><\/p>\n<p style=\"text-align: justify;\">En el UCKG, creemos que es importante exponer una fe firme en Dios; esta es la raz\u00f3n detr\u00e1s de los prop\u00f3sitos de nuestra Cadena de Oraci\u00f3n. El prop\u00f3sito consiste en que las personas asistan a una reuni\u00f3n de oraci\u00f3n durante cinco semanas sin interrupci\u00f3n. Las reuniones est\u00e1n dise\u00f1adas para ayudar a las personas a que logren una transformaci\u00f3n positiva de vida, usando su fe.<\/p>\n<p style=\"text-align: justify;\">Quien necesite cura espiritual, o quien est\u00e9 esperando una brecha financiera, o que busque la libertad espiritual, son m\u00e1s que bienvenidos a participar. Comprom\u00e9tete a seguir una Cadena de Oraci\u00f3n, te ayudar\u00e1 a desarrollar la fe y la determinaci\u00f3n que se necesita para vencer los problemas.<\/p>\n<p style=\"text-align: justify;\">\u00bfTienes un problema que no parece tener un fin? \u00bfNecesitas que se abra una puerta en tu vida? \u00bfDeseas tener tu salud de vuelta? O quiz\u00e1s simplemente quieras paz. Sean cuales sean tus necesidades \u2013 la Cadena de Oraci\u00f3n es para ti.<\/p>\n<p style=\"text-align: justify;\">Sin embargo, antes de que comiences, vas a tener que detallar el problema m\u00e1s grande o los obst\u00e1culos que hay en tu vida, esto es por lo que vas a luchar y te concentrar\u00e1s en un problema de cada vez. El d\u00eda que se relacione m\u00e1s con los problemas que tienes, ser\u00e1 el d\u00eda de tu oraci\u00f3n.<\/p>\n<p style=\"text-align: justify;\">Aparte del d\u00eda principal, los participantes deber\u00e1n asistir a las reuniones de domingo y mi\u00e9rcoles. Durante estas reuniones, recibir\u00e1s pasos a seguir, una gu\u00eda pr\u00e1ctica y motivaci\u00f3n para ayudarte a continuar en la batalla hasta ver un cambio en tu vida, porque como humanos, tenemos la tendencia de desistir cuando no vemos resultados inmediatos.<\/p>\n<p style=\"text-align: justify;\">Por esta raz\u00f3n, cada semana, los participantes recibir\u00e1n una de las cinco pegatinas para pegarlas en su tarjeta. En la quinta semana, las pegatinas deber\u00edan deletrear el nombre de Jes\u00fas \u2013 el \u00danico que camina contigo diariamente en tu batalla.<br \/>\nEntonces, \u00bfEst\u00e1s CANSADO de sufrir? \u00bfQuieres LOGRAR lo que puedes lograr? Si es as\u00ed, \u00a1comienza tu Cadena de Oraci\u00f3n en tu <a style=\"color: #0cb4ce;\" href=\"\/es\/servicios\/asesoramiento\/\">Centro de Ayuda UCKG<\/a> m\u00e1s cercano esta semana!<\/p>\n<p><b><a href=\"https:\/\/www.uckg.org\/es\/wp-content\/uploads\/2016\/12\/mochelle.png\"><img decoding=\"async\" class=\"alignnone size-full wp-image-53170\" src=\"https:\/\/www.uckg.org\/es\/wp-content\/uploads\/2016\/12\/mochelle.png\" alt=\"mochelle\" width=\"150\" height=\"150\" title=\"\" srcset=\"https:\/\/www.uckg.org\/es\/wp-content\/uploads\/2016\/12\/mochelle.png 150w, https:\/\/www.uckg.org\/es\/wp-content\/uploads\/2016\/12\/mochelle-50x50.png 50w\" sizes=\"(max-width: 150px) 100vw, 150px\" \/><\/a><\/b><\/p>\n<p style=\"text-align: justify;\"><i>\u201cSol\u00eda hacer todo lo que pod\u00eda para sacar buenas notas pero siempre acababa suspendiendo. Cuando lleg\u00f3 la campa\u00f1a de la Justicia, la utilic\u00e9 como una oportunidad para cambiar esta situaci\u00f3n<\/i>. <i>Sacrifiqu\u00e9 algo que no ten\u00eda valor monetario, pero significaba el todo para m\u00ed. Aprob\u00e9 con notas muy buenas y un diploma extra.\u201d<\/i><\/p>\n<p><b>Michelle Singizi\u00a0\u2013 Wood Green<\/b><br \/>\nLee acerca de m\u00e1s personas que se beneficiaron de la <a style=\"color: #0cb4ce;\" href=\"\/es\/category\/casos-reales\/\">Cadena de Oraci\u00f3n<\/a>.<\/p>\n","protected":false},"excerpt":{"rendered":"<p>[vc_row][vc_column][wander_title_block title=&#8221;La Cadena de Oraci\u00f3n&#8221; title_size=&#8221;h2&#8243; title_align=&#8221;text-center&#8221; is_seperator=&#8221;true&#8221;][vc_column_text] En el UCKG, creemos que es importante exponer una fe firme en Dios; esta es la raz\u00f3n detr\u00e1s de los prop\u00f3sitos de nuestra Cadena de Oraci\u00f3n. El prop\u00f3sito consiste en que las personas asistan a una reuni\u00f3n de oraci\u00f3n durante cinco semanas sin interrupci\u00f3n. Las reuniones est\u00e1n [&hellip;]<\/p>\n","protected":false},"author":12,"featured_media":0,"parent":0,"menu_order":0,"comment_status":"closed","ping_status":"closed","template":"","meta":{"give_campaign_id":0,"_monsterinsights_skip_tracking":false,"_monsterinsights_sitenote_active":false,"_monsterinsights_sitenote_note":"","_monsterinsights_sitenote_category":0,"footnotes":""},"class_list":["post-52965","page","type-page","status-publish","hentry"],"campaignId":"","_links":{"self":[{"href":"https:\/\/www.uckg.org\/es\/wp-json\/wp\/v2\/pages\/52965","targetHints":{"allow":["GET"]}}],"collection":[{"href":"https:\/\/www.uckg.org\/es\/wp-json\/wp\/v2\/pages"}],"about":[{"href":"https:\/\/www.uckg.org\/es\/wp-json\/wp\/v2\/types\/page"}],"author":[{"embeddable":true,"href":"https:\/\/www.uckg.org\/es\/wp-json\/wp\/v2\/users\/12"}],"replies":[{"embeddable":true,"href":"https:\/\/www.uckg.org\/es\/wp-json\/wp\/v2\/comments?post=52965"}],"version-history":[{"count":0,"href":"https:\/\/www.uckg.org\/es\/wp-json\/wp\/v2\/pages\/52965\/revisions"}],"wp:attachment":[{"href":"https:\/\/www.uckg.org\/es\/wp-json\/wp\/v2\/media?parent=52965"}],"curies":[{"name":"wp","href":"https:\/\/api.w.org\/{rel}","templated":true}]}}