{"id":52963,"date":"2016-12-02T11:16:46","date_gmt":"2016-12-02T10:16:46","guid":{"rendered":"https:\/\/www.uckg.org\/es\/?page_id=52963"},"modified":"2018-09-20T12:21:52","modified_gmt":"2018-09-20T10:21:52","slug":"nuestras-creencias","status":"publish","type":"page","link":"https:\/\/www.uckg.org\/es\/nuestras-creencias\/","title":{"rendered":"Nuestras creencias"},"content":{"rendered":"<p>[vc_row][vc_column][wander_title_block title=&#8221;Nuestras creencias&#8221; title_size=&#8221;h2&#8243; title_align=&#8221;text-center&#8221; is_seperator=&#8221;true&#8221;][vc_column_text]<\/p>\n<p style=\"text-align: justify;\"><a href=\"https:\/\/www.uckg.org\/es\/wp-content\/uploads\/2016\/12\/open-bible.jpg\"><img fetchpriority=\"high\" decoding=\"async\" class=\"aligncenter size-full wp-image-53038\" src=\"https:\/\/www.uckg.org\/es\/wp-content\/uploads\/2016\/12\/open-bible.jpg\" width=\"1280\" height=\"436\" alt=\"open-bible\" title=\"\" srcset=\"https:\/\/www.uckg.org\/es\/wp-content\/uploads\/2016\/12\/open-bible.jpg 1280w, https:\/\/www.uckg.org\/es\/wp-content\/uploads\/2016\/12\/open-bible-300x102.jpg 300w, https:\/\/www.uckg.org\/es\/wp-content\/uploads\/2016\/12\/open-bible-768x262.jpg 768w, https:\/\/www.uckg.org\/es\/wp-content\/uploads\/2016\/12\/open-bible-1024x349.jpg 1024w, https:\/\/www.uckg.org\/es\/wp-content\/uploads\/2016\/12\/open-bible-500x170.jpg 500w\" sizes=\"(max-width: 1280px) 100vw, 1280px\" \/><\/a><\/p>\n<p><strong><span style=\"color: #808080;\">Creemos:<\/span><\/strong><br \/>\n<span style=\"color: #808080;\">En las escrituras del Viejo y Nuevo Testamento en sus formas originales totalmente inspiradas por Dios y las aceptamos como la Autoridad Final para fe y vida.<\/span><br \/>\n<span style=\"color: #808080;\"><strong>Creemos:<\/strong><\/span><br \/>\n<span style=\"color: #808080;\">en un Dios que existe eternamente en tres personas \u2013 Padre, Hijo y Esp\u00edritu Santo.<\/span><br \/>\n<span style=\"color: #808080;\"><strong>Creemos:<\/strong><\/span><br \/>\n<span style=\"color: #808080;\">Que Jesucristo fue concebido por el Esp\u00edritu Santo, nacido por la Virgen Mar\u00eda, es Dios verdadero y Hombre verdadero.<\/span><br \/>\n<span style=\"color: #808080;\"><strong>Creemos:<\/strong><\/span><br \/>\n<span style=\"color: #808080;\">Que Dios creo al hombre a Su imagen y semejanza; que el hombre pec\u00f3 y as\u00ed obtuvo la pena de muerte, f\u00edsica y espiritual; que todos los seres humanos heredan una naturaleza pecaminosa que causa transgresi\u00f3n real envolviendo culpa personal.<\/span><br \/>\n<span style=\"color: #808080;\"><strong>Creemos:<\/strong><\/span><br \/>\n<span style=\"color: #808080;\">Que el Se\u00f1or Jes\u00fas muri\u00f3 por nuestros pecados, un sacrificio de sustituci\u00f3n, de acuerdo con las Escrituras y que todos aquellos que crean en \u00c9l son salvos por la sangre derramada de \u00c9l.<\/span><br \/>\n<span style=\"color: #808080;\"><strong>Creemos:<\/strong><\/span><br \/>\n<span style=\"color: #808080;\">En la resurrecci\u00f3n del cuerpo del Se\u00f1or Jesucristo, Su subida al cielo y Su vida presente como nuestro Mayor Sacerdote y Abogado.<\/span><br \/>\n<span style=\"color: #808080;\"><strong>Creemos:<\/strong><\/span><br \/>\n<span style=\"color: #808080;\">En el regreso del Se\u00f1or Jes\u00fas en gloria.<\/span><br \/>\n<span style=\"color: #808080;\"><strong>Creemos:<\/strong><\/span><br \/>\n<span style=\"color: #808080;\">Que aquellos que se arrepienten de sus pecados, reciben al Se\u00f1or Jes\u00fas por fe y ayunan por \u00c9l son nacidos de nuevo por el Esp\u00edritu Santo y se vuelven hijos de Dios.<\/span><br \/>\n<span style=\"color: #808080;\"><strong>Creemos:<\/strong><\/span><br \/>\n<span style=\"color: #808080;\">En el bautismo del Esp\u00edritu Santo, fortaleciendo creyentes para trabajar y en comuni\u00f3n con el Esp\u00edritu Santo.<\/span><br \/>\n<span style=\"color: #808080;\"><strong>Creemos:<\/strong><\/span><br \/>\n<span style=\"color: #808080;\">En los ministerios divinamente ordenados del ap\u00f3stol, profeta, evangelista, pastor y profesor.<\/span><br \/>\n<span style=\"color: #808080;\"><strong>Creemos:<\/strong><\/span><br \/>\n<span style=\"color: #808080;\">En la resurrecci\u00f3n del justo y del injusto, da las bendiciones eternas de los redimidos, y del castigo eterno de aquellos que rechazan la salvaci\u00f3n.<\/span><br \/>\n<span style=\"color: #808080;\"><strong>Creemos:<\/strong><\/span><br \/>\n<span style=\"color: #808080;\">Que la verdadera Iglesia consiste en todos aquellos que se redimen a trav\u00e9s de Jesucristo y se regenerar\u00e1n por el Esp\u00edritu Santo; que la iglesia local en la tierra se debe caracterizar de esa concepci\u00f3n de Iglesia espiritual y as\u00ed, el renacimiento y la confesi\u00f3n personal de Cristo son esenciales para participar de la iglesia.<\/span><br \/>\n<span style=\"color: #808080;\"><strong>Creemos:<\/strong><\/span><br \/>\n<span style=\"color: #808080;\">Que el Se\u00f1or Jes\u00fas design\u00f3 dos ordenanzas: el bautismo en las aguas y la Santa Cena, para ser observados con actos de obediencia y como testimonio continuo de los actos de la fe Cristiana; que el bautismo es la inmersi\u00f3n del creyente en aguas como una referencia al Se\u00f1or Jes\u00fas en enterramiento y resurrecci\u00f3n y que la Santa Cena es la puesta en com\u00fan del cuerpo y sangre de nuestro Salvador en recuerdo a Su sacrificio por nosotros hasta que \u00c9l vuelva.<\/span><br \/>\n<span style=\"color: #808080;\"><strong>Creemos:<\/strong><\/span><br \/>\n<span style=\"color: #808080;\">Que la cura divina vista en el Viejo y el Nuevo Testamento es parte integral del Evangelio.<\/span><br \/>\n<span style=\"color: #808080;\"><strong>Creemos:<\/strong><\/span><br \/>\n<span style=\"color: #808080;\">Que la Biblia ense\u00f1a que sin santidad ning\u00fan hombre puede ver a Dios.<\/span><br \/>\n<span style=\"color: #808080;\"><strong>Creemos:<\/strong><\/span><br \/>\n<span style=\"color: #808080;\">En la santificaci\u00f3n como una cosa definitiva, pero aun un trabajo de gracia progresivo, comenzando en la hora del nacimiento hasta el fin de la vida.<\/span>[\/vc_column_text][\/vc_column][\/vc_row]<\/p>\n","protected":false},"excerpt":{"rendered":"<p>[vc_row][vc_column][wander_title_block title=&#8221;Nuestras creencias&#8221; title_size=&#8221;h2&#8243; title_align=&#8221;text-center&#8221; is_seperator=&#8221;true&#8221;][vc_column_text] Creemos: En las escrituras del Viejo y Nuevo Testamento en sus formas originales totalmente inspiradas por Dios y las aceptamos como la Autoridad Final para fe y vida. Creemos: en un Dios que existe eternamente en tres personas \u2013 Padre, Hijo y Esp\u00edritu Santo. Creemos: Que Jesucristo fue concebido [&hellip;]<\/p>\n","protected":false},"author":12,"featured_media":0,"parent":0,"menu_order":0,"comment_status":"closed","ping_status":"closed","template":"","meta":{"give_campaign_id":0,"_monsterinsights_skip_tracking":false,"_monsterinsights_sitenote_active":false,"_monsterinsights_sitenote_note":"","_monsterinsights_sitenote_category":0,"footnotes":""},"class_list":["post-52963","page","type-page","status-publish","hentry"],"campaignId":"","_links":{"self":[{"href":"https:\/\/www.uckg.org\/es\/wp-json\/wp\/v2\/pages\/52963","targetHints":{"allow":["GET"]}}],"collection":[{"href":"https:\/\/www.uckg.org\/es\/wp-json\/wp\/v2\/pages"}],"about":[{"href":"https:\/\/www.uckg.org\/es\/wp-json\/wp\/v2\/types\/page"}],"author":[{"embeddable":true,"href":"https:\/\/www.uckg.org\/es\/wp-json\/wp\/v2\/users\/12"}],"replies":[{"embeddable":true,"href":"https:\/\/www.uckg.org\/es\/wp-json\/wp\/v2\/comments?post=52963"}],"version-history":[{"count":0,"href":"https:\/\/www.uckg.org\/es\/wp-json\/wp\/v2\/pages\/52963\/revisions"}],"wp:attachment":[{"href":"https:\/\/www.uckg.org\/es\/wp-json\/wp\/v2\/media?parent=52963"}],"curies":[{"name":"wp","href":"https:\/\/api.w.org\/{rel}","templated":true}]}}