{"id":51292,"date":"2016-06-28T16:57:10","date_gmt":"2016-06-28T15:57:10","guid":{"rendered":"http:\/\/www.uckg.org\/es\/?page_id=51292"},"modified":"2016-06-28T16:57:10","modified_gmt":"2016-06-28T15:57:10","slug":"que-debo-sacrificar","status":"publish","type":"page","link":"https:\/\/www.uckg.org\/es\/que-debo-sacrificar\/","title":{"rendered":"\u00bfQu\u00e9 debo sacrificar?"},"content":{"rendered":"<h3><strong>\u00bfQu\u00e9 debo sacrificar?<\/strong><\/h3>\n<p>Una vez m\u00e1s, el esfuerzo que tendr\u00e1s que hacer para lograr algo var\u00eda seg\u00fan lo que deseas alcanzar. Los sacrificios requieren tiempo, esfuerzo, dedicaci\u00f3n y determinaci\u00f3n para luchar hasta obtener tu objetivo. Sin embargo, hay algunos ingredientes que debemos incluir en todos los sacrificios perfectos, la abnegaci\u00f3n y la ofrenda sacrificial.<\/p>\n<p><a href=\"http:\/\/www.uckg.org\/es\/?p=51271\"><img fetchpriority=\"high\" decoding=\"async\" class=\"alignnone size-full wp-image-51297\" src=\"http:\/\/www.uckg.org\/es\/wp-content\/uploads\/2016\/06\/boxes-4.png\" alt=\"boxes-(4\" width=\"289\" height=\"218\" title=\"\"><\/a>\u00a0\u00a0<a href=\"http:\/\/www.uckg.org\/es\/?page_id=51284\"><img decoding=\"async\" class=\"alignnone size-full wp-image-51274\" src=\"http:\/\/www.uckg.org\/es\/wp-content\/uploads\/2016\/06\/caja3.png\" alt=\"caja3\" width=\"289\" height=\"218\" title=\"\"><\/a>\u00a0\u00a0<a href=\"http:\/\/www.uckg.org\/es\/?page_id=51289\"><img decoding=\"async\" class=\"alignnone wp-image-51275 size-full\" src=\"http:\/\/www.uckg.org\/es\/wp-content\/uploads\/2016\/06\/caja2.png\" alt=\"caja2\" width=\"289\" height=\"218\" title=\"\"><\/a><\/p>\n","protected":false},"excerpt":{"rendered":"<p>\u00bfQu\u00e9 debo sacrificar? Una vez m\u00e1s, el esfuerzo que tendr\u00e1s que hacer para lograr algo var\u00eda seg\u00fan lo que deseas alcanzar. Los sacrificios requieren tiempo, esfuerzo, dedicaci\u00f3n y determinaci\u00f3n para luchar hasta obtener tu objetivo. Sin embargo, hay algunos ingredientes que debemos incluir en todos los sacrificios perfectos, la abnegaci\u00f3n y la ofrenda sacrificial. \u00a0\u00a0\u00a0\u00a0<\/p>\n","protected":false},"author":15,"featured_media":0,"parent":0,"menu_order":0,"comment_status":"closed","ping_status":"closed","template":"","meta":{"give_campaign_id":0,"_monsterinsights_skip_tracking":false,"_monsterinsights_sitenote_active":false,"_monsterinsights_sitenote_note":"","_monsterinsights_sitenote_category":0,"footnotes":""},"class_list":["post-51292","page","type-page","status-publish","hentry"],"campaignId":"","_links":{"self":[{"href":"https:\/\/www.uckg.org\/es\/wp-json\/wp\/v2\/pages\/51292","targetHints":{"allow":["GET"]}}],"collection":[{"href":"https:\/\/www.uckg.org\/es\/wp-json\/wp\/v2\/pages"}],"about":[{"href":"https:\/\/www.uckg.org\/es\/wp-json\/wp\/v2\/types\/page"}],"author":[{"embeddable":true,"href":"https:\/\/www.uckg.org\/es\/wp-json\/wp\/v2\/users\/15"}],"replies":[{"embeddable":true,"href":"https:\/\/www.uckg.org\/es\/wp-json\/wp\/v2\/comments?post=51292"}],"version-history":[{"count":0,"href":"https:\/\/www.uckg.org\/es\/wp-json\/wp\/v2\/pages\/51292\/revisions"}],"wp:attachment":[{"href":"https:\/\/www.uckg.org\/es\/wp-json\/wp\/v2\/media?parent=51292"}],"curies":[{"name":"wp","href":"https:\/\/api.w.org\/{rel}","templated":true}]}}