{"id":51289,"date":"2016-06-28T16:55:50","date_gmt":"2016-06-28T15:55:50","guid":{"rendered":"http:\/\/www.uckg.org\/es\/?page_id=51289"},"modified":"2016-06-28T16:55:50","modified_gmt":"2016-06-28T15:55:50","slug":"que-deberia-hacer-para-participar-de-esta-campana","status":"publish","type":"page","link":"https:\/\/www.uckg.org\/es\/que-deberia-hacer-para-participar-de-esta-campana\/","title":{"rendered":"\u00bfQu\u00e9 deber\u00eda hacer para participar de esta campa\u00f1a?"},"content":{"rendered":"<h3><strong>\u00bfQu\u00e9 deber\u00eda hacer para participar de esta campa\u00f1a?<\/strong><\/h3>\n<p>Ante todo, debes saber lo que quieres. Def\u00ednelo bien y se espec\u00edfico.<\/p>\n<p>Segundo, mira si lo que quieres concuerda con las promesas de Dios. Utiliza tu fe inteligente. En otras palabras, aseg\u00farate de no pedir algo por capricho, sino que es algo que concuerda con la voluntad de Dios, tal y como lo expresa Su palabra.<\/p>\n<p>Tercero, mira si est\u00e1s preparado a hacer los sacrificios necesarios para conseguirlo. Es aqu\u00ed donde falla mucha gente.<\/p>\n<p>Una campa\u00f1a no es solo escribir un pedido de oraci\u00f3n, d\u00e1rselo al pastor para que ore y luego dejar que \u00c9l haga el resto por ti. Tampoco es m\u00e1gico. Una campa\u00f1a exige tu participaci\u00f3n total, en cuerpo, alma y esp\u00edritu, como aquellos que van a la guerra.<\/p>\n<p>Todo lo bueno tiene un precio alto. Los sacrificios exigidos para lograr una bendici\u00f3n depende del tipo de bendici\u00f3n que buscas. Por ejemplo, los sacrificios exigidos para comenzar una empresa son mucho m\u00e1s grandes que aquellos que se requieren para encontrar un trabajo.<\/p>\n<p>Si est\u00e1s dispuesto a esforzarte por lo que quieres lograr y, a cambio, obtener una vida completa, y quieres participar de la Campa\u00f1a de Israel por tu vida puedes venir al centro de ayuda m\u00e1s cercano, en donde recibir\u00e1s informaci\u00f3n acerca de este prop\u00f3sito de fe.<\/p>\n<p><a href=\"http:\/\/www.uckg.org\/es\/?p=51271\"><img fetchpriority=\"high\" decoding=\"async\" class=\"alignnone wp-image-51297 size-full\" src=\"http:\/\/www.uckg.org\/es\/wp-content\/uploads\/2016\/06\/boxes-4.png\" alt=\"boxes-(4\" width=\"289\" height=\"218\" title=\"\"><\/a>\u00a0\u00a0<a href=\"http:\/\/www.uckg.org\/es\/?page_id=51284\"><img decoding=\"async\" class=\"alignnone size-full wp-image-51274\" src=\"http:\/\/www.uckg.org\/es\/wp-content\/uploads\/2016\/06\/caja3.png\" alt=\"caja3\" width=\"289\" height=\"218\" title=\"\"><\/a>\u00a0\u00a0<a href=\"http:\/\/www.uckg.org\/es\/?page_id=51292\"><img decoding=\"async\" class=\"alignnone size-full wp-image-51276\" src=\"http:\/\/www.uckg.org\/es\/wp-content\/uploads\/2016\/06\/caja1.png\" alt=\"caja1\" width=\"289\" height=\"218\" title=\"\"><\/a><\/p>\n","protected":false},"excerpt":{"rendered":"<p>\u00bfQu\u00e9 deber\u00eda hacer para participar de esta campa\u00f1a? Ante todo, debes saber lo que quieres. Def\u00ednelo bien y se espec\u00edfico. Segundo, mira si lo que quieres concuerda con las promesas de Dios. Utiliza tu fe inteligente. En otras palabras, aseg\u00farate de no pedir algo por capricho, sino que es algo que concuerda con la voluntad [&hellip;]<\/p>\n","protected":false},"author":15,"featured_media":0,"parent":0,"menu_order":0,"comment_status":"closed","ping_status":"closed","template":"","meta":{"give_campaign_id":0,"_monsterinsights_skip_tracking":false,"_monsterinsights_sitenote_active":false,"_monsterinsights_sitenote_note":"","_monsterinsights_sitenote_category":0,"footnotes":""},"class_list":["post-51289","page","type-page","status-publish","hentry"],"campaignId":"","_links":{"self":[{"href":"https:\/\/www.uckg.org\/es\/wp-json\/wp\/v2\/pages\/51289","targetHints":{"allow":["GET"]}}],"collection":[{"href":"https:\/\/www.uckg.org\/es\/wp-json\/wp\/v2\/pages"}],"about":[{"href":"https:\/\/www.uckg.org\/es\/wp-json\/wp\/v2\/types\/page"}],"author":[{"embeddable":true,"href":"https:\/\/www.uckg.org\/es\/wp-json\/wp\/v2\/users\/15"}],"replies":[{"embeddable":true,"href":"https:\/\/www.uckg.org\/es\/wp-json\/wp\/v2\/comments?post=51289"}],"version-history":[{"count":0,"href":"https:\/\/www.uckg.org\/es\/wp-json\/wp\/v2\/pages\/51289\/revisions"}],"wp:attachment":[{"href":"https:\/\/www.uckg.org\/es\/wp-json\/wp\/v2\/media?parent=51289"}],"curies":[{"name":"wp","href":"https:\/\/api.w.org\/{rel}","templated":true}]}}