{"id":51284,"date":"2016-06-28T16:51:03","date_gmt":"2016-06-28T15:51:03","guid":{"rendered":"http:\/\/www.uckg.org\/es\/?page_id=51284"},"modified":"2016-06-28T16:51:03","modified_gmt":"2016-06-28T15:51:03","slug":"quien-deberia-participar-de-esta-campana","status":"publish","type":"page","link":"https:\/\/www.uckg.org\/es\/quien-deberia-participar-de-esta-campana\/","title":{"rendered":"\u00bfQui\u00e9n deber\u00eda participar de esta campa\u00f1a?"},"content":{"rendered":"<h3><strong>\u00bfQui\u00e9n deber\u00eda participar de esta campa\u00f1a?<\/strong><\/h3>\n<p>Cualquiera que sienta lo mismo que sinti\u00f3 Abraham, antes de que Dios cumpliera con Su promesa. Abraham era un hombre incompleto. Si te sientes incompleto porque te falta algo en tu vida, esta campa\u00f1a es para ti.<\/p>\n<p><a href=\"http:\/\/www.uckg.org\/es\/?p=51271\"><img fetchpriority=\"high\" decoding=\"async\" class=\"alignnone size-full wp-image-51297\" src=\"http:\/\/www.uckg.org\/es\/wp-content\/uploads\/2016\/06\/boxes-4.png\" alt=\"boxes-(4\" width=\"289\" height=\"218\" title=\"\"><\/a>\u00a0\u00a0<a href=\"http:\/\/www.uckg.org\/es\/?page_id=51289\"><img decoding=\"async\" class=\"alignnone size-full wp-image-51275\" src=\"http:\/\/www.uckg.org\/es\/wp-content\/uploads\/2016\/06\/caja2.png\" alt=\"caja2\" width=\"289\" height=\"218\" title=\"\"><\/a>\u00a0\u00a0<a href=\"http:\/\/www.uckg.org\/es\/?page_id=51292\"><img decoding=\"async\" class=\"alignnone size-full wp-image-51276\" src=\"http:\/\/www.uckg.org\/es\/wp-content\/uploads\/2016\/06\/caja1.png\" alt=\"caja1\" width=\"289\" height=\"218\" title=\"\"><\/a><\/p>\n","protected":false},"excerpt":{"rendered":"<p>\u00bfQui\u00e9n deber\u00eda participar de esta campa\u00f1a? Cualquiera que sienta lo mismo que sinti\u00f3 Abraham, antes de que Dios cumpliera con Su promesa. Abraham era un hombre incompleto. Si te sientes incompleto porque te falta algo en tu vida, esta campa\u00f1a es para ti. \u00a0\u00a0\u00a0\u00a0<\/p>\n","protected":false},"author":15,"featured_media":0,"parent":0,"menu_order":0,"comment_status":"closed","ping_status":"closed","template":"","meta":{"give_campaign_id":0,"_monsterinsights_skip_tracking":false,"_monsterinsights_sitenote_active":false,"_monsterinsights_sitenote_note":"","_monsterinsights_sitenote_category":0,"footnotes":""},"class_list":["post-51284","page","type-page","status-publish","hentry"],"campaignId":"","_links":{"self":[{"href":"https:\/\/www.uckg.org\/es\/wp-json\/wp\/v2\/pages\/51284","targetHints":{"allow":["GET"]}}],"collection":[{"href":"https:\/\/www.uckg.org\/es\/wp-json\/wp\/v2\/pages"}],"about":[{"href":"https:\/\/www.uckg.org\/es\/wp-json\/wp\/v2\/types\/page"}],"author":[{"embeddable":true,"href":"https:\/\/www.uckg.org\/es\/wp-json\/wp\/v2\/users\/15"}],"replies":[{"embeddable":true,"href":"https:\/\/www.uckg.org\/es\/wp-json\/wp\/v2\/comments?post=51284"}],"version-history":[{"count":0,"href":"https:\/\/www.uckg.org\/es\/wp-json\/wp\/v2\/pages\/51284\/revisions"}],"wp:attachment":[{"href":"https:\/\/www.uckg.org\/es\/wp-json\/wp\/v2\/media?parent=51284"}],"curies":[{"name":"wp","href":"https:\/\/api.w.org\/{rel}","templated":true}]}}