{"id":47746,"date":"2015-05-21T12:08:43","date_gmt":"2015-05-21T11:08:43","guid":{"rendered":"http:\/\/www.uckg.org\/es\/?page_id=47746"},"modified":"2018-09-24T10:40:49","modified_gmt":"2018-09-24T08:40:49","slug":"47746-2","status":"publish","type":"page","link":"https:\/\/www.uckg.org\/es\/47746-2\/","title":{"rendered":"Direcciones"},"content":{"rendered":"<h3><span style=\"color: #000000;\">Direcciones<\/span><\/h3>\n<p><a title=\"Direcciones\" href=\"https:\/\/www.uckg.org\/es\/wp-content\/uploads\/2017\/02\/fpk.png\" rel=\"\"><img fetchpriority=\"high\" decoding=\"async\" class=\"alignright size-full wp-image-47747\" src=\"https:\/\/www.uckg.org\/es\/wp-content\/uploads\/2017\/02\/fpk.png\" width=\"878\" height=\"413\" alt=\"fpk\" title=\"\"><\/a><\/p>\n<table border=\"0\" width=\"679\">\n<tbody>\n<tr>\n<td valign=\"top\" width=\"220\"><span style=\"color: #0cb4ce;\"><strong>Sede Nacional:<\/strong><\/span><br \/>\n<span style=\"color: #000000;\">Teatro Rainbow<\/span><br \/>\n<span style=\"color: #000000;\"> 232 Seven Sisters Road<\/span><br \/>\n<span style=\"color: #000000;\"> Finsbury Park, Londres<\/span><br \/>\n<span style=\"color: #000000;\"> N4 3NX<\/span><a href=\"http:\/\/maps.google.co.uk\/maps?q=232 Seven Sisters Road,\u00a0London N4 3NX&amp;hl=en&amp;ie=UTF8&amp;ll=51.562985,-0.107718&amp;spn=0.021983,0.079737&amp;sll=51.562954,-0.107829&amp;sspn=0.000857,0.001955&amp;z=14&amp;vpsrc=0&amp;layer=c&amp;cbll=51.562991,-0.107691&amp;panoid=BgBiLknL4DJNb-_0TbYrAw&amp;cbp=11,246.36,,0,-12.5\" target=\"_blank\" rel=\"nofollow noopener\"><span style=\"color: #993300;\" data-mce-mark=\"1\"><strong><br \/>\n<span style=\"text-decoration: underline; color: #0cb4ce;\">Vea el mapa<\/span><\/strong><\/span><\/a><\/td>\n<td width=\"10\"><span style=\"color: #0cb4ce;\"><strong>\u00a0<\/strong><\/span><\/td>\n<td valign=\"top\" width=\"250\"><span style=\"color: #0cb4ce;\" data-mce-mark=\"1\"><strong>Reuniones <\/strong><strong>en Ingl\u00e9s<\/strong>:<\/span><br \/>\n<strong>Lunes a viernes:<\/strong> 7h, 10h, 15h y 19h30<br \/>\n<strong>Jueves:<\/strong> 20h (<em>Love Talk<\/em>)<br \/>\n<span style=\"color: #000000;\"><strong>S\u00e1bado<\/strong>:<\/span> 7h, 10h(<em>Batall\u00f3n<\/em>) y 15h<br \/>\n<span style=\"color: #000000;\"><strong>Domingos<\/strong>:<\/span> 7h30, 10h y 18h<br \/>\n16h (Tratamiento de los vicios<span style=\"color: #000000;\"><span style=\"color: #000000;\"><span style=\"color: #000000;\"><span style=\"color: #000000;\">)<\/span><\/span><\/span><\/span><strong><span style=\"color: #0cb4ce;\" data-mce-mark=\"1\">Reuniones en Portugu\u00e9s:<\/span><br \/>\n<\/strong><strong><span style=\"color: #000000;\">Lunes a\u00a0Viernes:<\/span> <\/strong>12h\u00a0 y 19h30<strong><br \/>\nJueves:<\/strong>20h (Terapia del amor)<strong><br \/>\n<\/strong><span style=\"color: #000000;\"><strong>S\u00e1bado:<\/strong><\/span>\u00a010h (Batall\u00f3n)<br \/>\n<span style=\"color: #000000;\"><strong>Domingos: <\/strong><\/span>7h30, 10h y 18h<br \/>\n15h (Tratamiento de los vicios)<strong><span style=\"color: #0cb4ce;\">Reuniones en Espa\u00f1ol:<\/span><br \/>\n<\/strong><strong><span style=\"color: #000000;\">Lunes, m<strong>i\u00e9rcoles y<\/strong>\u00a0viernes:<\/span>\u00a0<\/strong>8h30,<strong>\u00a0<\/strong><span style=\"color: #333333;\">12h y 19h30<\/span><br \/>\n<strong>S\u00e1bados:\u00a0<\/strong>10h (Batall\u00f3n)<br \/>\n<strong><span style=\"color: #000000;\">Domingos:<\/span>\u00a0<\/strong><span style=\"color: #333333;\">8h30 y 12h<\/span><\/td>\n<\/tr>\n<\/tbody>\n<\/table>\n<hr \/>\n<h2><span style=\"color: #0cb4ce;\">Brixton<\/span><\/h2>\n<p>386 \u2013 388 Brixton Road,<br \/>\nLondres<br \/>\nSW9 7AW<\/p>\n<p><strong><span style=\"color: #000000;\">Lunes, mi\u00e9rcoles y\u00a0viernes:<\/span>\u00a0<\/strong>\u00a016h30<br \/>\n<strong><span style=\"color: #000000;\">Domingos:<\/span>\u00a0<\/strong>17h<\/p>\n<hr \/>\n<h2><\/h2>\n<h2>Otras Direcciones:<\/h2>\n\n","protected":false},"excerpt":{"rendered":"<p>Direcciones Sede Nacional: Teatro Rainbow 232 Seven Sisters Road Finsbury Park, Londres N4 3NX Vea el mapa \u00a0 Reuniones en Ingl\u00e9s: Lunes a viernes: 7h, 10h, 15h y 19h30 Jueves: 20h (Love Talk) S\u00e1bado: 7h, 10h(Batall\u00f3n) y 15h Domingos: 7h30, 10h y 18h 16h (Tratamiento de los vicios)Reuniones en Portugu\u00e9s: Lunes a\u00a0Viernes: 12h\u00a0 y 19h30 [&hellip;]<\/p>\n","protected":false},"author":12,"featured_media":0,"parent":0,"menu_order":0,"comment_status":"open","ping_status":"open","template":"","meta":{"give_campaign_id":0,"_monsterinsights_skip_tracking":false,"_monsterinsights_sitenote_active":false,"_monsterinsights_sitenote_note":"","_monsterinsights_sitenote_category":0,"footnotes":""},"class_list":["post-47746","page","type-page","status-publish","hentry"],"campaignId":"","_links":{"self":[{"href":"https:\/\/www.uckg.org\/es\/wp-json\/wp\/v2\/pages\/47746","targetHints":{"allow":["GET"]}}],"collection":[{"href":"https:\/\/www.uckg.org\/es\/wp-json\/wp\/v2\/pages"}],"about":[{"href":"https:\/\/www.uckg.org\/es\/wp-json\/wp\/v2\/types\/page"}],"author":[{"embeddable":true,"href":"https:\/\/www.uckg.org\/es\/wp-json\/wp\/v2\/users\/12"}],"replies":[{"embeddable":true,"href":"https:\/\/www.uckg.org\/es\/wp-json\/wp\/v2\/comments?post=47746"}],"version-history":[{"count":0,"href":"https:\/\/www.uckg.org\/es\/wp-json\/wp\/v2\/pages\/47746\/revisions"}],"wp:attachment":[{"href":"https:\/\/www.uckg.org\/es\/wp-json\/wp\/v2\/media?parent=47746"}],"curies":[{"name":"wp","href":"https:\/\/api.w.org\/{rel}","templated":true}]}}