{"id":40144,"date":"2012-07-02T00:32:44","date_gmt":"2012-07-01T23:32:44","guid":{"rendered":"http:\/\/www.uckg.org\/es\/?page_id=40144"},"modified":"2025-10-29T18:22:04","modified_gmt":"2025-10-29T17:22:04","slug":"asesoramiento","status":"publish","type":"page","link":"https:\/\/www.uckg.org\/es\/asesoramiento\/","title":{"rendered":"L\u00ednea de ayuda 24 horas"},"content":{"rendered":"<p>[vc_row][vc_column][wander_title_block title=&#8221;L\u00ednea De Atenci\u00f3n 24 horas&#8221; title_size=&#8221;h2&#8243; title_align=&#8221;text-center&#8221; is_seperator=&#8221;true&#8221;][vc_column_text]<\/p>\n<p><a href=\"https:\/\/www.uckg.org\/es\/wp-content\/uploads\/2023\/07\/Picture10.png\"><img fetchpriority=\"high\" decoding=\"async\" class=\"size-full wp-image-76869 aligncenter\" src=\"https:\/\/www.uckg.org\/es\/wp-content\/uploads\/2023\/07\/Picture10.png\" alt=\"\" width=\"939\" height=\"333\" title=\"\" srcset=\"https:\/\/www.uckg.org\/es\/wp-content\/uploads\/2023\/07\/Picture10.png 939w, https:\/\/www.uckg.org\/es\/wp-content\/uploads\/2023\/07\/Picture10-300x106.png 300w, https:\/\/www.uckg.org\/es\/wp-content\/uploads\/2023\/07\/Picture10-768x272.png 768w, https:\/\/www.uckg.org\/es\/wp-content\/uploads\/2023\/07\/Picture10-500x177.png 500w\" sizes=\"(max-width: 939px) 100vw, 939px\" \/><\/a><\/p>\n<p style=\"text-align: justify;\">La vida no es fa\u0301cil, y sabemos que puede ser incluso ma\u0301s dura cuando no tienes a nadie para apoyarte. Por eso nosotros estamos a tu disposicio\u0301n para poder ayudarte en los momentos ma\u0301s difi\u0301ciles. Nuestra li\u0301nea de ayuda 24 horas esta\u0301 lista para que puedas tener a alguien con quien hablar.<\/p>\n<p style=\"text-align: justify;\">No tienes que enfrentar tus problemas en soledad, una voz amiga al otro lado de la li\u0301nea estara\u0301 lista para escuchar tus problemas y aconsejarte de la mejor manera posible. Los voluntarios que trabajan en la li\u0301nea de ayuda utilizan su experiencia adquirida de los problemas que han superado como base para ayudarte y para darte consejos pra\u0301cticos y espirituales.<\/p>\n<p style=\"text-align: justify;\">Si necesitas hablar con alguien urgentemente, no dudes en hablar con uno de nuestros ayudantes. Sus corazones y oi\u0301dos esta\u0301n abiertos para servirte 24 horas al di\u0301a, los 365 di\u0301as del an\u0303o. Si vives en el Reino Unido lla\u0301manos al <strong>020 7686 6048<\/strong> o contacta con nosotros por <a href=\"https:\/\/api.whatsapp.com\/send\/?phone=447352945274&amp;text&amp;type=phone_number&amp;app_absent=0\" rel=\"nofollow noopener\" target=\"_blank\">WhatsApp al\u00a0<strong>07352 945274.\u00a0<\/strong><\/a> Si vives en otro pa\u00eds, tambi\u00e9n puedes contactarnos por <a href=\"https:\/\/api.whatsapp.com\/send\/?phone=442076866010&amp;text&amp;type=phone_number&amp;app_absent=0\" rel=\"nofollow noopener\" target=\"_blank\">WhatsApp al <strong>020 7686 6010.\u00a0<\/strong><\/a><\/p>\n<p style=\"text-align: justify;\"><strong>Encuentra ayuda espiritual para superar:<\/strong><\/p>\n<p style=\"text-align: justify;\"><em><strong>\u2013Pensamientos negativos\/suicidas<\/strong><\/em><\/p>\n<p>Si tus problemas han sido demasiado duros para soportar y has perdido toda esperanza y no sabes que hacer o has perdido las ganas de seguir, habla con nosotros y encuentra la ayuda espiritual que te fortalecera\u0301. La \u00fanica manera de superar los pensamientos negativos es alimentando los pensamientos positivos.<\/p>\n<p style=\"text-align: justify;\"><em><strong>\u2013Ataques de pa\u0301nico<\/strong><\/em><\/p>\n<p>A veces no podemos controlar lo que sentimos, pero si lo que sientes hace que est\u00e9s constantemente fuera de control, sin duda acabar\u00e1 afectando tu di\u0301a a di\u0301a. Si sufres de ansiedad constante o de ataques de miedo repentinos, no dudes en contactar con nosotros.<\/p>\n<p style=\"text-align: justify;\"><em><strong>\u2013Dolores de cabeza constantes<\/strong><\/em><\/p>\n<p>No importa lo que hagas, parece que no puedes quitarte el dolor y la presio\u0301n de tu cabeza. Llama a nuestra li\u0301nea de ayuda 24 horas al <strong>020 7686 6048<\/strong> o <a href=\"https:\/\/api.whatsapp.com\/send\/?phone=447352945274&amp;text&amp;type=phone_number&amp;app_absent=0\" rel=\"nofollow noopener\" target=\"_blank\">WhatsApp al 07352 945274.<\/a><\/p>\n<p style=\"text-align: justify;\"><em><strong>\u2013Sintiendo el mal a tu alrededor<\/strong><\/em><\/p>\n<p>\u00bfEsta\u0301s constantemente mirando por encima de tu hombro o tienes problemas de confianza? \u00bfParece que todo lo que te rodea quiere hacerte dan\u0303o o tienes miedo constante de las cosas simples? \u00a1Podemos ayudarte!<\/p>\n<p style=\"text-align: justify;\"><em><strong>\u2013Ansiedad<\/strong><\/em><\/p>\n<p>En este mundo moderno, las personas se han vuelto cada vez ma\u0301s ansiosas por todo. Anhelan cosas y las quieren lo ma\u0301s ra\u0301pido posible, ya sea el u\u0301ltimo tel\u00e9fono, un mejor trabajo o las buenas noticias que anhelan recibir. El exceso de ansiedad puede causar problemas de salud y cuando esto empieza a trastornar tu vida, es hora de buscar ayuda.<\/p>\n<p style=\"text-align: justify;\"><em><strong>\u2013Problemas conyugales<\/strong><\/em><\/p>\n<p>Todas las personas que se casan lo hacen con la intencio\u0301n de ser feliz con su pareja. Pero no es difi\u0301cil encontrar matrimonios que esta\u0301n al borde del divorcio. Si todavi\u0301a esta\u0301s dispuesto a luchar por tu matrimonio, llama a nuestra li\u0301nea de ayuda 24 horas y habla con uno de nuestros ayudantes.<\/p>\n<p style=\"text-align: justify;\"><em><strong>\u2013Dificultades financieras<\/strong><\/em><\/p>\n<p>Tal vez seas un gran trabajador, pero todo lo que ganas desaparece tan ra\u0301pido que ni siquiera sabes en qu\u00e9 se ha ido el dinero. O tal vez tengas problemas para encontrar trabajo y dependes de otros para sobrevivir. No dudes en hablar con nosotros <strong>020 7686 6048<\/strong> o envi\u0301anos un<a href=\"https:\/\/api.whatsapp.com\/send\/?phone=447352945274&amp;text&amp;type=phone_number&amp;app_absent=0\" rel=\"nofollow noopener\" target=\"_blank\"> WhatsApp al <\/a><a href=\"https:\/\/api.whatsapp.com\/send\/?phone=447352945274&amp;text&amp;type=phone_number&amp;app_absent=0\" rel=\"nofollow noopener\" target=\"_blank\">07352 945274.<\/a><\/p>\n<p style=\"text-align: justify;\"><em><strong>\u2013Adicciones<\/strong><\/em><\/p>\n<p>\u00bfTe has vuelto dependiente de algo hasta el punto de no estar bien sin eso? \u00bfTienes un ha\u0301bito que interrumpe tus relaciones, tu carrera o tu salud? Encuentra ayuda espiritual y libe\u0301rate de esa dependencia.<\/p>\n<p style=\"text-align: justify;\"><em><strong>\u2013Problemas familiares<\/strong><\/em><\/p>\n<p>Las discusiones y la discordia entre los miembros de la familia son normales de vez en cuando, pero \u00bfse ha convertido en algo cotidiano para ti y tu familia? \u00bfTe enfrentas a la hostilidad de tus hijos u otros miembros de la familia hasta el punto de no encontrar ma\u0301s alegri\u0301a en el hogar? Ha\u0301blanos.<\/p>\n<p style=\"text-align: justify;\"><em><strong>\u2013Miedo a la muerte<\/strong><\/em><\/p>\n<p>La muerte nunca es un tema con el que la gente se siente co\u0301moda, pero es parte de nuestra existencia. Sin embargo, si esta\u0301s perdiendo el suen\u0303o por esto, llama a nuestra li\u0301nea de ayuda 24 horas al<strong> 020 7686 6048<\/strong> o envi\u0301anos un <a href=\"https:\/\/api.whatsapp.com\/send\/?phone=447352945274&amp;text&amp;type=phone_number&amp;app_absent=0\" rel=\"nofollow noopener\" target=\"_blank\">WhatsApp al <\/a><a href=\"https:\/\/api.whatsapp.com\/send\/?phone=447352945274&amp;text&amp;type=phone_number&amp;app_absent=0\" rel=\"nofollow noopener\" target=\"_blank\">07352 945274.<\/a><\/p>\n<p style=\"text-align: justify;\"><em><strong>\u2013Depresio\u0301n<\/strong><\/em><\/p>\n<p>\u00bfHas perdido la alegri\u0301a de las cosas cotidianas y nada de lo que haces te motiva a seguir? Tal vez tengas una buena calidad de vida, pero todo ha perdido su brillo o ni siquiera puedes levantarte de la cama por la man\u0303ana porque temes al di\u0301a que tendra\u0301s por delante. Nuestros voluntarios pueden ayudarte con consejos espirituales para que encuentres una salida a esta situacio\u0301n.<\/p>\n<p style=\"text-align: justify;\"><strong>\u00bfQue\u0301 sucedera\u0301 cuando llames a nuestra li\u0301nea de ayuda 24 horas?<\/strong><\/p>\n<p style=\"text-align: justify;\">Tu llamada siempre sera\u0301 atendida por una amigable voz humana y despue\u0301s de que hayas explicado el\/los problema\/s que tienes, se te ofrecera\u0301 una cita para asistir a la Iglesia Universal para recibir ayuda pra\u0301ctica y eficaz. Los voluntarios que trabajan en la li\u0301nea de ayuda superaron varios tipos de problemas y adquirieron experiencia como base para ayudar a todos los que llaman.<\/p>\n<p style=\"text-align: justify;\">Nuestra iglesia esta\u0301 abierta los<strong> 7 di\u0301as de la semana<\/strong>, los 365 di\u0301as del an\u0303o.<\/p>\n<p style=\"text-align: justify;\">Las puertas abren entre semana a las 6:30am y cierran despue\u0301s de la reunio\u0301n de las 7:30pm. Los sa\u0301bados y domingos abren a las 6:30 am y cierran temprano por la tarde noche.<\/p>\n<p>[\/vc_column_text][\/vc_column][\/vc_row]<\/p>\n","protected":false},"excerpt":{"rendered":"<p>[vc_row][vc_column][wander_title_block title=&#8221;L\u00ednea De Atenci\u00f3n 24 horas&#8221; title_size=&#8221;h2&#8243; title_align=&#8221;text-center&#8221; is_seperator=&#8221;true&#8221;][vc_column_text] La vida no es fa\u0301cil, y sabemos que puede ser incluso ma\u0301s dura cuando no tienes a nadie para apoyarte. Por eso nosotros estamos a tu disposicio\u0301n para poder ayudarte en los momentos ma\u0301s difi\u0301ciles. Nuestra li\u0301nea de ayuda 24 horas esta\u0301 lista para que puedas [&hellip;]<\/p>\n","protected":false},"author":15,"featured_media":0,"parent":0,"menu_order":0,"comment_status":"closed","ping_status":"closed","template":"","meta":{"give_campaign_id":0,"_monsterinsights_skip_tracking":false,"_monsterinsights_sitenote_active":false,"_monsterinsights_sitenote_note":"","_monsterinsights_sitenote_category":0,"footnotes":""},"class_list":["post-40144","page","type-page","status-publish","hentry"],"campaignId":"","_links":{"self":[{"href":"https:\/\/www.uckg.org\/es\/wp-json\/wp\/v2\/pages\/40144","targetHints":{"allow":["GET"]}}],"collection":[{"href":"https:\/\/www.uckg.org\/es\/wp-json\/wp\/v2\/pages"}],"about":[{"href":"https:\/\/www.uckg.org\/es\/wp-json\/wp\/v2\/types\/page"}],"author":[{"embeddable":true,"href":"https:\/\/www.uckg.org\/es\/wp-json\/wp\/v2\/users\/15"}],"replies":[{"embeddable":true,"href":"https:\/\/www.uckg.org\/es\/wp-json\/wp\/v2\/comments?post=40144"}],"version-history":[{"count":7,"href":"https:\/\/www.uckg.org\/es\/wp-json\/wp\/v2\/pages\/40144\/revisions"}],"predecessor-version":[{"id":2714783,"href":"https:\/\/www.uckg.org\/es\/wp-json\/wp\/v2\/pages\/40144\/revisions\/2714783"}],"wp:attachment":[{"href":"https:\/\/www.uckg.org\/es\/wp-json\/wp\/v2\/media?parent=40144"}],"curies":[{"name":"wp","href":"https:\/\/api.w.org\/{rel}","templated":true}]}}