{"id":38,"date":"2009-08-04T15:19:49","date_gmt":"2009-08-04T14:19:49","guid":{"rendered":"http:\/\/iurd.pt\/?page_id=38"},"modified":"2009-08-04T15:19:49","modified_gmt":"2009-08-04T14:19:49","slug":"biografia-del-obispo-macedo","status":"publish","type":"page","link":"https:\/\/www.uckg.org\/es\/acerca-de-nosotros\/biografia-del-obispo-macedo\/","title":{"rendered":"BIOGRAF\u00cdA DEL OBISPO MACEDO"},"content":{"rendered":"<p style=\"text-align: justify;\"><a href=\"http:\/\/www.uckg.org\/es\/?attachment_id=35051\" rel=\"attachment wp-att-35051\"><img decoding=\"async\" class=\"alignright size-full wp-image-35051\" style=\"margin-right: 10px; margin-left: 10px;\" title=\"bpmacedo\" alt=\"\" src=\"http:\/\/www.uckg.org\/uk\/wp-content\/uploads\/2009\/08\/bpmacedo.jpg\" width=\"220\" height=\"220\"><\/a>El fundador de la Iglesia Universal del Reino de Dios, Obispo Edir Macedo, de 63 a\u00f1os, naci\u00f3 en R\u00edo de Janeiro.<\/p>\n<p>\u00a0En 1963, inici\u00f3 la carrera como funcionario p\u00fablico: teniendo un trabajo fijo en la Loter\u00eda del Estado de R\u00edo de Janeiro, la Loterj, y trabaj\u00f3 en el Instituto Brasile\u00f1o de Geograf\u00eda y Estad\u00edstica, el IBGE, como investigador en el censo econ\u00f3mico de 1970.<\/p>\n<p>Tr\u00e1s completar 16 a\u00f1os de carrera como operario p\u00fablico, dej\u00f3 el cargo para dedicarse a la Obra de Dios, lo que en aquella \u00e9poca fue considerado por algunas personas una locura.<\/p>\n<p>Casado con Ester Bezerra hace 36 a\u00f1os, tiene dos hijas, Cristiane, Viviane y un hijo adoptivo, Mois\u00e9s. Edir Macedo siempre destac\u00f3 el apoyo de su esposa. \u00c9l dice que la mujer desempe\u00f1a un papel importante en la familia.<\/p>\n<p>Ella educa a los hijos para que sean hombre de fe, cuida del marido, de la casa, en fin, vive un d\u00eda a d\u00eda agitado; sin embargo, lo que diferencia a la mujer de Dios es que ella hace todo bajo la direcci\u00f3n del Se\u00f1or.<\/p>\n<p>\u00c9l tiene una amplia formaci\u00f3n acad\u00e9mica: est\u00e1 graduado en Teolog\u00eda por la Facultad Evang\u00e9lica de Teolog\u00eda &#8220;Seminario Unido&#8221;, y por la Facultad de Educaci\u00f3n Teol\u00f3gica en el Estado de S\u00e3o Paulo (Fatebom). Hizo el doctorado en Teolog\u00eda, Filosof\u00eda Cristiana y Honoris Causa en Divinidad, adem\u00e1s de tener un m\u00e1ster en Ciencias Teol\u00f3gicas en la Federaci\u00f3n Evang\u00e9lica Espa\u00f1ola de Entidades Religiosas &#8220;F.Y.Y.D.Y.R&#8221; (Madrid, Espa\u00f1a).<\/p>\n<p>Como escritor evang\u00e9lico, Edir Macedo destaca con m\u00e1s de 10 millones de libros vendidos, divididos en 34 t\u00edtulos, destacando los best-sellers: &#8220;Orix\u00e1s, caboclos y gu\u00edas&#8221; y &#8220;En los Pasos de Jes\u00fas&#8221;, ambas publicaciones alcanzaron la cifra de m\u00e1s de tres millones de ejemplares vendidos en Brasil.<\/p>\n<p>Hoy reconocido como uno de los l\u00edderes evang\u00e9licos m\u00e1s influyentes en el mundo, Edir Macedo ya realiz\u00f3 concentraciones evang\u00e9licas que reunieron a m\u00e1s de un mill\u00f3n de personas.<\/p>\n<p>Entre las distintas obras sociales realizadas, destaca la recaudaci\u00f3n de 700 toneladas de alimentos no-perecederos para las comunidades carentes, en un evento realizado en el Valle del Anhangaba\u00fa, S\u00e3o Paulo.<\/p>\n","protected":false},"excerpt":{"rendered":"<p>El fundador de la Iglesia Universal del Reino de Dios, Obispo Edir Macedo, de 63 a\u00f1os, naci\u00f3 en R\u00edo de Janeiro. \u00a0En 1963, inici\u00f3 la carrera como funcionario p\u00fablico: teniendo un trabajo fijo en la Loter\u00eda del Estado de R\u00edo de Janeiro, la Loterj, y trabaj\u00f3 en el Instituto Brasile\u00f1o de Geograf\u00eda y Estad\u00edstica, el [&hellip;]<\/p>\n","protected":false},"author":12,"featured_media":0,"parent":52793,"menu_order":4,"comment_status":"closed","ping_status":"closed","template":"","meta":{"give_campaign_id":0,"_monsterinsights_skip_tracking":false,"_monsterinsights_sitenote_active":false,"_monsterinsights_sitenote_note":"","_monsterinsights_sitenote_category":0,"footnotes":""},"class_list":["post-38","page","type-page","status-publish","hentry"],"campaignId":"","_links":{"self":[{"href":"https:\/\/www.uckg.org\/es\/wp-json\/wp\/v2\/pages\/38","targetHints":{"allow":["GET"]}}],"collection":[{"href":"https:\/\/www.uckg.org\/es\/wp-json\/wp\/v2\/pages"}],"about":[{"href":"https:\/\/www.uckg.org\/es\/wp-json\/wp\/v2\/types\/page"}],"author":[{"embeddable":true,"href":"https:\/\/www.uckg.org\/es\/wp-json\/wp\/v2\/users\/12"}],"replies":[{"embeddable":true,"href":"https:\/\/www.uckg.org\/es\/wp-json\/wp\/v2\/comments?post=38"}],"version-history":[{"count":0,"href":"https:\/\/www.uckg.org\/es\/wp-json\/wp\/v2\/pages\/38\/revisions"}],"up":[{"embeddable":true,"href":"https:\/\/www.uckg.org\/es\/wp-json\/wp\/v2\/pages\/52793"}],"wp:attachment":[{"href":"https:\/\/www.uckg.org\/es\/wp-json\/wp\/v2\/media?parent=38"}],"curies":[{"name":"wp","href":"https:\/\/api.w.org\/{rel}","templated":true}]}}