{"id":36153,"date":"2011-08-17T16:37:07","date_gmt":"2011-08-17T15:37:07","guid":{"rendered":"http:\/\/www.uckg.org\/uk\/?page_id=36153"},"modified":"2011-08-17T16:37:07","modified_gmt":"2011-08-17T15:37:07","slug":"timetable-2","status":"publish","type":"page","link":"https:\/\/www.uckg.org\/es\/timetable-2\/","title":{"rendered":"Horario"},"content":{"rendered":"<p><strong>Uno de nuestros miembros lo describi\u00f3 en pocas palabras cuando dijo: \u201c\u00a1El centro de Ayuda puede cambiar tu vida!\u201d<\/strong> Ayudar a las personas es lo que nos impulsa. Y aun as\u00ed, reconocemos que la mejor manera y la ayuda m\u00e1s permanente que podemos darle a alguien es invisti\u00e9ndolo de poder cuando les ense\u00f1amos a ayudarse a s\u00ed mismos. Este objetivo subyace todo lo que hacemos. En la pr\u00e1ctica, el coraz\u00f3n de nuestra obra son las reuniones diarias que tenemos en cada Centro de Ayuda.<\/p>\n<p>Estas son reuniones de 45 a 90 minutos donde damos consejos pr\u00e1cticos y ense\u00f1amos como cambiar y mejorar varios aspectos de tu vida. Estas sesiones incluyen oraciones por todas esas cosas que solo Dios puede hacer. \u00c9chale una ojeada a nuestro horario de reuniones\u00a0 y lee la breve descripci\u00f3n para cada d\u00eda. Algunas personas se encuentran con que necesitan ayuda en todo lo que est\u00e1 en esta lista, pero la mayor\u00eda se identifica con una o dos d\u00edas de la semana, a los cuales necesitar\u00e1 atender. Para atender, todo lo que necesitas hacer es venir en el d\u00eda y a la hora de la reuni\u00f3n.<\/p>\n<p>Las citas previas no son necesarias, pero son una buena idea para que puedas hablar con el pastor primero y \u00e9l te pueda dirigir a la reuni\u00f3n que mejor te convenga seg\u00fan tu situaci\u00f3n. Simplemente, ll\u00e1manos para hacer una cita o p\u00eddele a alguien para hablar con el pastor en tu primera visita.<\/p>\n<p>L\u00ednea de ayuda 24 horas: <strong>020 7686 6040<\/strong><\/p>\n<p>Estos son los horarios de las reuniones que tienen lugar en<span style=\"text-decoration: underline;\"><a href=\"http:\/\/www.uckg.org\/es\/?page_id=47746\"> Finsbury Park y en Brixton.<\/a><\/span><\/p>\n<p><a href=\"http:\/\/www.uckg.org\/es\/wp-content\/uploads\/2011\/08\/Luneshorario.jpg\" rel=\"attachment wp-att-50954\"><img fetchpriority=\"high\" decoding=\"async\" class=\"alignright size-full wp-image-50954\" src=\"http:\/\/www.uckg.org\/es\/wp-content\/uploads\/2011\/08\/Luneshorario.jpg\" alt=\"Luneshorario\" width=\"883\" height=\"217\" title=\"\"><\/a><\/p>\n<p><a href=\"http:\/\/www.uckg.org\/es\/wp-content\/uploads\/2011\/08\/miercoleshorarios.jpg\" rel=\"attachment wp-att-50956\"><img decoding=\"async\" class=\"alignright size-full wp-image-50956\" src=\"http:\/\/www.uckg.org\/es\/wp-content\/uploads\/2011\/08\/miercoleshorarios.jpg\" alt=\"miercoleshorarios\" width=\"883\" height=\"217\" title=\"\"><\/a><\/p>\n<p><a href=\"http:\/\/www.uckg.org\/es\/wp-content\/uploads\/2011\/08\/viernes-horario-1.jpg\" rel=\"attachment wp-att-50960\"><img decoding=\"async\" class=\"alignright size-full wp-image-50960\" src=\"http:\/\/www.uckg.org\/es\/wp-content\/uploads\/2011\/08\/viernes-horario-1.jpg\" alt=\"viernes-horario\" width=\"883\" height=\"217\" title=\"\"><\/a><a href=\"http:\/\/www.uckg.org\/es\/wp-content\/uploads\/2011\/08\/domingo.jpg\" rel=\"attachment wp-att-50953\"><img loading=\"lazy\" decoding=\"async\" class=\"alignright size-full wp-image-50953\" src=\"http:\/\/www.uckg.org\/es\/wp-content\/uploads\/2011\/08\/domingo.jpg\" alt=\"domingo\" width=\"883\" height=\"217\" title=\"\"><\/a><\/p>\n<p>&nbsp;<\/p>\n","protected":false},"excerpt":{"rendered":"<p>Uno de nuestros miembros lo describi\u00f3 en pocas palabras cuando dijo: \u201c\u00a1El centro de Ayuda puede cambiar tu vida!\u201d Ayudar a las personas es lo que nos impulsa. Y aun as\u00ed, reconocemos que la mejor manera y la ayuda m\u00e1s permanente que podemos darle a alguien es invisti\u00e9ndolo de poder cuando les ense\u00f1amos a ayudarse [&hellip;]<\/p>\n","protected":false},"author":12,"featured_media":0,"parent":0,"menu_order":0,"comment_status":"closed","ping_status":"closed","template":"","meta":{"give_campaign_id":0,"_monsterinsights_skip_tracking":false,"_monsterinsights_sitenote_active":false,"_monsterinsights_sitenote_note":"","_monsterinsights_sitenote_category":0,"footnotes":""},"class_list":["post-36153","page","type-page","status-publish","hentry"],"campaignId":"","_links":{"self":[{"href":"https:\/\/www.uckg.org\/es\/wp-json\/wp\/v2\/pages\/36153","targetHints":{"allow":["GET"]}}],"collection":[{"href":"https:\/\/www.uckg.org\/es\/wp-json\/wp\/v2\/pages"}],"about":[{"href":"https:\/\/www.uckg.org\/es\/wp-json\/wp\/v2\/types\/page"}],"author":[{"embeddable":true,"href":"https:\/\/www.uckg.org\/es\/wp-json\/wp\/v2\/users\/12"}],"replies":[{"embeddable":true,"href":"https:\/\/www.uckg.org\/es\/wp-json\/wp\/v2\/comments?post=36153"}],"version-history":[{"count":0,"href":"https:\/\/www.uckg.org\/es\/wp-json\/wp\/v2\/pages\/36153\/revisions"}],"wp:attachment":[{"href":"https:\/\/www.uckg.org\/es\/wp-json\/wp\/v2\/media?parent=36153"}],"curies":[{"name":"wp","href":"https:\/\/api.w.org\/{rel}","templated":true}]}}