{"id":35592,"date":"2011-08-11T17:06:55","date_gmt":"2011-08-11T16:06:55","guid":{"rendered":"http:\/\/www.uckg.org\/uk\/?page_id=35592"},"modified":"2011-08-11T17:06:55","modified_gmt":"2011-08-11T16:06:55","slug":"24hr-helpline","status":"publish","type":"page","link":"https:\/\/www.uckg.org\/es\/24hr-helpline\/","title":{"rendered":"L\u00ednea  de Ayuda 24h"},"content":{"rendered":"<p><strong><a href=\"http:\/\/www.uckg.org\/uk\/wp-content\/uploads\/2011\/08\/helpline.jpg\"><img decoding=\"async\" class=\"alignright size-full wp-image-35874\" style=\"margin: 5px;\" title=\"helpline\" src=\"http:\/\/www.uckg.org\/uk\/wp-content\/uploads\/2011\/08\/helpline.jpg\" alt=\"\" width=\"220\" height=\"220\"><\/a>Ayuda y asesoramiento<\/strong><\/p>\n<p>Los problemas pueden afectar a cualquiera. Pero muchas personas puede que encuentren dif\u00edcil \u00a0el buscar asesor\u00eda o simplemente no saben qu\u00e9 tipo de ayuda hay. El Centro de Ayuda UCKG ofrece <strong>una l\u00ednea de asesor\u00eda nacional e internacional gratuita<\/strong> con <strong>personal cualificado<\/strong>. Hemos ayudado a miles de personas, tanto restaurando sus vidas como sugiri\u00e9ndoles c\u00f3mo superar cualquier problema al que se est\u00e9n enfrentando en la vida.<\/p>\n<p>Ll\u00e1manos al \u00a0+44 (0) 20 7686 6040 desde cualquier lugar del Reino Unido o del mundo.<\/p>\n<p>Atenderemos tu llamada y se mantendr\u00e1 confidencial. \u00a0Las \u00a0llamadas pueden ser grabadas para actividades de capacitaci\u00f3n.<\/p>\n<p>Nuestros asesores pueden:<\/p>\n<p>&#8211; Darte una ayuda pr\u00e1ctica e inmediata.<\/p>\n<p>&#8211; Ofrecer asesor\u00eda y orientaci\u00f3n.<\/p>\n<p>&#8211;\u00a0Recomendarte un especialista o un centro de asistencia de apoyo local para ayudarte a largo plazo.<\/p>\n<p>&nbsp;<\/p>\n","protected":false},"excerpt":{"rendered":"<p>Ayuda y asesoramiento Los problemas pueden afectar a cualquiera. Pero muchas personas puede que encuentren dif\u00edcil \u00a0el buscar asesor\u00eda o simplemente no saben qu\u00e9 tipo de ayuda hay. El Centro de Ayuda UCKG ofrece una l\u00ednea de asesor\u00eda nacional e internacional gratuita con personal cualificado. Hemos ayudado a miles de personas, tanto restaurando sus vidas [&hellip;]<\/p>\n","protected":false},"author":12,"featured_media":0,"parent":0,"menu_order":0,"comment_status":"open","ping_status":"open","template":"","meta":{"give_campaign_id":0,"_monsterinsights_skip_tracking":false,"_monsterinsights_sitenote_active":false,"_monsterinsights_sitenote_note":"","_monsterinsights_sitenote_category":0,"footnotes":""},"class_list":["post-35592","page","type-page","status-publish","hentry"],"campaignId":"","_links":{"self":[{"href":"https:\/\/www.uckg.org\/es\/wp-json\/wp\/v2\/pages\/35592","targetHints":{"allow":["GET"]}}],"collection":[{"href":"https:\/\/www.uckg.org\/es\/wp-json\/wp\/v2\/pages"}],"about":[{"href":"https:\/\/www.uckg.org\/es\/wp-json\/wp\/v2\/types\/page"}],"author":[{"embeddable":true,"href":"https:\/\/www.uckg.org\/es\/wp-json\/wp\/v2\/users\/12"}],"replies":[{"embeddable":true,"href":"https:\/\/www.uckg.org\/es\/wp-json\/wp\/v2\/comments?post=35592"}],"version-history":[{"count":0,"href":"https:\/\/www.uckg.org\/es\/wp-json\/wp\/v2\/pages\/35592\/revisions"}],"wp:attachment":[{"href":"https:\/\/www.uckg.org\/es\/wp-json\/wp\/v2\/media?parent=35592"}],"curies":[{"name":"wp","href":"https:\/\/api.w.org\/{rel}","templated":true}]}}