{"id":34753,"date":"2011-08-05T15:20:52","date_gmt":"2011-08-05T14:20:52","guid":{"rendered":"http:\/\/www.uckg.org\/uk\/?page_id=34753"},"modified":"2011-08-05T15:20:52","modified_gmt":"2011-08-05T14:20:52","slug":"como-leer-la-biblia","status":"publish","type":"page","link":"https:\/\/www.uckg.org\/es\/como-leer-la-biblia\/","title":{"rendered":"C\u00f3mo leer la biblia"},"content":{"rendered":"<p><strong><a href=\"http:\/\/www.uckg.org\/es\/?attachment_id=34841\" rel=\"attachment wp-att-34841\"><img decoding=\"async\" class=\"size-full wp-image-34841 alignright\" style=\"margin-left: 10px; margin-right: 10px;\" title=\"holy-bible\" src=\"http:\/\/www.uckg.org\/uk\/wp-content\/uploads\/2011\/08\/holy-bible.jpg\" alt=\"\" width=\"220\" height=\"220\"><\/a><\/strong><\/p>\n<p style=\"text-align: left;\"><strong>Quiz\u00e1s te guste leer la Biblia y puede que quieras leerla, pero algo siempre se interpone en tu camino como si leerla no fuera tan importante. Pero nadie pasa sin comer porque es una necesidad b\u00e1sica que todos tenemos. Lo mismo sucede con la Biblia, es nuestra comida espiritual y sin ella, nos debilitamos cada vez m\u00e1s.<\/strong><\/p>\n<p style=\"text-align: left;\"><strong>\u00a0<\/strong><strong>Los siguientes s\u00edntomas revelan que alguien no se ha estado alimentado de la Palabra de Dios:<\/strong><br \/>\n-Sin palabras al orar<br \/>\n&#8211; No tienes ni idea de lo que hacer en diferentes situaciones<br \/>\n&#8211; No entiende lo que el Pastor predica<br \/>\n-Se deja enga\u00f1ar f\u00e1cilmente por doctrinas falsas<br \/>\n-No tiene razones suficientes para hablar de Jes\u00fas y para ir a evangelizar.<br \/>\n-No tiene fuerza para luchar.<br \/>\n&#8211; Es d\u00e9bil al pecado.<\/p>\n<p style=\"text-align: left;\"><strong><em>Versiones\u00a0\u00a0\u00a0\u00a0\u00a0\u00a0\u00a0\u00a0\u00a0\u00a0\u00a0\u00a0\u00a0\u00a0\u00a0\u00a0\u00a0\u00a0\u00a0\u00a0\u00a0\u00a0\u00a0\u00a0\u00a0\u00a0\u00a0\u00a0\u00a0\u00a0\u00a0\u00a0\u00a0\u00a0\u00a0\u00a0\u00a0\u00a0\u00a0\u00a0\u00a0\u00a0\u00a0\u00a0\u00a0\u00a0\u00a0\u00a0\u00a0\u00a0\u00a0\u00a0\u00a0\u00a0\u00a0\u00a0\u00a0\u00a0\u00a0\u00a0\u00a0\u00a0\u00a0\u00a0\u00a0\u00a0\u00a0\u00a0\u00a0\u00a0\u00a0\u00a0\u00a0\u00a0\u00a0\u00a0\u00a0\u00a0\u00a0\u00a0\u00a0\u00a0\u00a0\u00a0\u00a0\u00a0\u00a0\u00a0\u00a0\u00a0\u00a0\u00a0\u00a0\u00a0\u00a0\u00a0\u00a0\u00a0\u00a0\u00a0\u00a0\u00a0\u00a0\u00a0\u00a0\u00a0\u00a0\u00a0\u00a0\u00a0\u00a0\u00a0\u00a0\u00a0\u00a0\u00a0\u00a0\u00a0\u00a0\u00a0\u00a0\u00a0\u00a0\u00a0\u00a0\u00a0\u00a0\u00a0\u00a0\u00a0\u00a0\u00a0\u00a0\u00a0\u00a0\u00a0\u00a0\u00a0\u00a0\u00a0\u00a0\u00a0\u00a0\u00a0\u00a0\u00a0\u00a0\u00a0\u00a0\u00a0\u00a0\u00a0\u00a0\u00a0\u00a0\u00a0\u00a0\u00a0\u00a0\u00a0\u00a0\u00a0\u00a0\u00a0\u00a0\u00a0\u00a0\u00a0\u00a0\u00a0\u00a0\u00a0\u00a0\u00a0\u00a0\u00a0\u00a0\u00a0\u00a0\u00a0\u00a0\u00a0\u00a0\u00a0\u00a0\u00a0\u00a0\u00a0\u00a0\u00a0\u00a0\u00a0\u00a0\u00a0\u00a0\u00a0\u00a0\u00a0\u00a0\u00a0\u00a0\u00a0\u00a0\u00a0\u00a0\u00a0\u00a0\u00a0\u00a0\u00a0\u00a0\u00a0\u00a0\u00a0\u00a0\u00a0\u00a0\u00a0\u00a0\u00a0\u00a0\u00a0\u00a0\u00a0\u00a0\u00a0\u00a0\u00a0\u00a0\u00a0\u00a0\u00a0\u00a0\u00a0\u00a0\u00a0\u00a0\u00a0\u00a0\u00a0\u00a0\u00a0\u00a0\u00a0\u00a0\u00a0\u00a0\u00a0\u00a0\u00a0\u00a0\u00a0\u00a0\u00a0\u00a0\u00a0\u00a0\u00a0\u00a0\u00a0\u00a0\u00a0\u00a0\u00a0\u00a0\u00a0\u00a0\u00a0\u00a0\u00a0\u00a0\u00a0\u00a0\u00a0\u00a0\u00a0\u00a0\u00a0\u00a0\u00a0\u00a0\u00a0\u00a0\u00a0\u00a0\u00a0\u00a0\u00a0\u00a0\u00a0\u00a0\u00a0\u00a0\u00a0\u00a0\u00a0\u00a0\u00a0\u00a0\u00a0\u00a0\u00a0\u00a0\u00a0\u00a0\u00a0 <\/em><\/strong>Hay versiones de Biblias que omiten versos cruciales de la Biblia, por lo tanto nosotros en La Iglesia Universal recomendamos la versi\u00f3n \u2018Biblia de las Am\u00e9ricas\u2019. Es la que m\u00e1s se acerca a la original de todas las que hemos encontrado hasta ahora.<\/p>\n<p style=\"text-align: left;\"><em><strong>Prep\u00e1rate<\/strong><\/em><br \/>\nLa Biblia no es como cualquier otro libro. Es la Palabra de Dios y aunque la hayan escrito muchas personas diferentes\u00a0 hace muchos a\u00f1os, es el libro m\u00e1s actualizado que se haya le\u00eddo nunca. Habla de todas las \u00e1reas de la vida de una persona, d\u00e1ndole al lector una orientaci\u00f3n que no se encuentra en ninguna otra parte del mundo. Entonces, para que la aproveches a lo m\u00e1ximo, \u00a0antes de leer p\u00eddele a Dios que hable contigo a trav\u00e9s de esa lectura y as\u00ed ser\u00e1.<\/p>\n<p style=\"text-align: left;\"><em><strong>Donde<\/strong><\/em><br \/>\nPara beneficiarte de tu lectura, no deber\u00edas hacerlo en lugares o en horas en las que te va a ser dif\u00edcil concentrarte. La Biblia hay que leerla lentamente, comiendo cada palabra que lees. Encuentra un lugar \u00a0y una hora adecuada para que puedas digerirla con calma.<\/p>\n<p style=\"text-align: left;\"><em><strong>Comienzo<\/strong><\/em><br \/>\nNo tienes porque comenzar a leer la Biblia desde G\u00e9nesis, aunque puede que quieras conocer un poco acerca de la creaci\u00f3n de Dios y c\u00f3mo llego la fe a este mundo. Pero como un principiante total, te recomendamos que comiences por el Evangelio, o sea, Mateo, Marcos, Lucas y Juan. Estos cuatro libros hablan acerca de la \u00e9poca en la que vino nuestro Se\u00f1or Jes\u00fas a la tierra y nos revel\u00f3 la verdadera identidad del Padre.<\/p>\n<p style=\"text-align: left;\"><em><strong>Compresi\u00f3n<\/strong><\/em><br \/>\nNadie entiende la Biblia entera. Ten paciencia contigo mismo y l\u00e9ela igual. Si encuentras un pasaje que no entiendes, no te preocupes, con el tiempo lo entender\u00e1s. As\u00ed es con todos los que leen la Biblia. Dios siempre habla de lo que es importante para ti en el momento que est\u00e1s leyendo, entonces medita en lo que lees y estate atento para escuchar Su voz. Cuando El no habla, es porque lo que estas leyendo en ese preciso momento no es relevante para ti en ese instante.<\/p>\n","protected":false},"excerpt":{"rendered":"<p>Quiz\u00e1s te guste leer la Biblia y puede que quieras leerla, pero algo siempre se interpone en tu camino como si leerla no fuera tan importante. Pero nadie pasa sin comer porque es una necesidad b\u00e1sica que todos tenemos. Lo mismo sucede con la Biblia, es nuestra comida espiritual y sin ella, nos debilitamos cada [&hellip;]<\/p>\n","protected":false},"author":1,"featured_media":0,"parent":0,"menu_order":0,"comment_status":"open","ping_status":"closed","template":"fullpage.php","meta":{"give_campaign_id":0,"_monsterinsights_skip_tracking":false,"_monsterinsights_sitenote_active":false,"_monsterinsights_sitenote_note":"","_monsterinsights_sitenote_category":0,"footnotes":""},"class_list":["post-34753","page","type-page","status-publish","hentry"],"campaignId":"","_links":{"self":[{"href":"https:\/\/www.uckg.org\/es\/wp-json\/wp\/v2\/pages\/34753","targetHints":{"allow":["GET"]}}],"collection":[{"href":"https:\/\/www.uckg.org\/es\/wp-json\/wp\/v2\/pages"}],"about":[{"href":"https:\/\/www.uckg.org\/es\/wp-json\/wp\/v2\/types\/page"}],"author":[{"embeddable":true,"href":"https:\/\/www.uckg.org\/es\/wp-json\/wp\/v2\/users\/1"}],"replies":[{"embeddable":true,"href":"https:\/\/www.uckg.org\/es\/wp-json\/wp\/v2\/comments?post=34753"}],"version-history":[{"count":0,"href":"https:\/\/www.uckg.org\/es\/wp-json\/wp\/v2\/pages\/34753\/revisions"}],"wp:attachment":[{"href":"https:\/\/www.uckg.org\/es\/wp-json\/wp\/v2\/media?parent=34753"}],"curies":[{"name":"wp","href":"https:\/\/api.w.org\/{rel}","templated":true}]}}