{"id":34750,"date":"2011-08-05T12:44:51","date_gmt":"2011-08-05T11:44:51","guid":{"rendered":"http:\/\/www.uckg.org\/uk\/?page_id=34750"},"modified":"2023-07-28T15:09:47","modified_gmt":"2023-07-28T14:09:47","slug":"who-we-are","status":"publish","type":"page","link":"https:\/\/www.uckg.org\/es\/who-we-are\/","title":{"rendered":"Historia de la IURD"},"content":{"rendered":"<p>[vc_row][vc_column][wander_title_block title=&#8221;Qui\u00e9nes Somos&#8221; title_size=&#8221;h2&#8243; title_align=&#8221;text-center&#8221; is_seperator=&#8221;true&#8221;][vc_column_text]<\/p>\n<p style=\"text-align: justify;\"><a href=\"https:\/\/www.uckg.org\/es\/wp-content\/uploads\/2011\/08\/UCKGlogoES.jpg\"><img fetchpriority=\"high\" decoding=\"async\" class=\"alignright size-full wp-image-53466\" src=\"https:\/\/www.uckg.org\/es\/wp-content\/uploads\/2011\/08\/UCKGlogoES.jpg\" alt=\"UCKGlogoES\" width=\"520\" height=\"345\" title=\"\" srcset=\"https:\/\/www.uckg.org\/es\/wp-content\/uploads\/2011\/08\/UCKGlogoES.jpg 520w, https:\/\/www.uckg.org\/es\/wp-content\/uploads\/2011\/08\/UCKGlogoES-300x199.jpg 300w, https:\/\/www.uckg.org\/es\/wp-content\/uploads\/2011\/08\/UCKGlogoES-500x332.jpg 500w\" sizes=\"(max-width: 520px) 100vw, 520px\" \/><\/a><\/p>\n<p style=\"text-align: justify;\">La Iglesia Universal del Reino de Dios (IURD) fue fundada en Brasil en el a\u00f1o 1977. Los inicios se deben a un exitoso programa evangel\u00edstico llevado a cabo por el obispo Robert McAlister, un misionero pentecostal canadiense.<\/p>\n<p style=\"text-align: justify;\">Edir Macedo fue uno de los primeros convertidos que poco despu\u00e9s fund\u00f3 la Iglesia Universal del Reino de Dios. Despu\u00e9s de recibir la bendici\u00f3n del obispo McAlister, Edir empez\u00f3 a realizar reuniones en un peque\u00f1o parque de la ciudad brasile\u00f1a de R\u00edo de Janeiro. Su pasi\u00f3n era ayudar a los necesitados, a los sufridos, y a personas que muy a menudo eran excluidas por ciertas religiones. Como las reuniones crec\u00edan en popularidad, el pastor Macedo tuvo que empezar a alquilar otros locales para poder recibir a las miles de personas que se agolpaban en busca de ayuda. La IURD inaugur\u00f3 oficialmente su primera iglesia en una antigua funeraria.<\/p>\n<p style=\"text-align: justify;\">Otras iglesias se fueron inaugurando y el movimiento se extendi\u00f3 nacionalmente por todo Brasil. En el d\u00eda de hoy, existen 5.000 iglesias en el pa\u00eds, con la sede establecida en R\u00edo de Janeiro donde se reciben 12.000 personas cada d\u00eda.<\/p>\n<p style=\"text-align: justify;\">En 1986 la iglesia fue fundada en los EEUU, abriendo sus puertas a la ciudad de Nueva York. Hoy en d\u00eda existen iglesias en Brooklyn, Manhattan, Miami, Los \u00c1ngeles y en muchas otras ciudades estadounidenses. Poco despu\u00e9s, la iglesia comenz\u00f3 a entrar en Canad\u00e1, M\u00e9xico, Argentina, Paraguay, Venezuela, Colombia, Bolivia, Guatemala y Ecuador. Tambi\u00e9n existen iglesias en Jamaica, Trinidad y Guyana.<\/p>\n<p style=\"text-align: justify;\">En Europa, la iglesia ya est\u00e1 establecida en Inglaterra, Portugal, Espa\u00f1a, Francia, Holanda, B\u00e9lgica, Luxemburgo, Italia, Suiza y Polonia. Despu\u00e9s de la ca\u00edda del muro de Berl\u00edn, la IURD pudo abrir sus puertas en Alemania, y con el fin del comunismo se pudo finalmente establecer la iglesia en Rusia y Rumania.<\/p>\n<p style=\"text-align: justify;\">La primera iglesia en \u00c1frica se inaugur\u00f3 en 1992, en Angola. Ahora la IURD est\u00e1 presente en Sud\u00e1frica, Mozambique, Cabo Verde, Kenia, Lesoto, Costa de Marfil, Malawi, Uganda y muchos otros pa\u00edses. En el continente asi\u00e1tico, la IURD est\u00e1 establecida en la India, Filipinas y Jap\u00f3n, donde se encuentra la primera iglesia 24 horas.<\/p>\n<p style=\"text-align: justify;\">La Iglesia Universal del Reino de Dios se encuentra en m\u00e1s de 180 pa\u00edses y contin\u00faa en constante expansi\u00f3n.<\/p>\n<p style=\"text-align: justify;\"><strong>*Reino Unido<br \/>\n<\/strong>El pastor Renato Cardoso vino al Reino Unido en 1995 para establecer la IURD, que m\u00e1s tarde se convertir\u00eda en una organizaci\u00f3n ben\u00e9fica registrada (n\u00famero 1043985). Al principio se realizaban dos reuniones a la semana en la iglesia St Mathew en Brixton. La asistencia y el inter\u00e9s de los congregantes creci\u00f3 de tal manera que en menos de un a\u00f1o se inaugur\u00f3 la primera iglesia del pa\u00eds.<\/p>\n<p style=\"text-align: justify;\">En 1996 la IURD adquiri\u00f3 un teatro abandonado llamado Rainbow Theatre en el \u00e1rea londinense de Finsbury Park. Al principio no hab\u00eda ni calefacci\u00f3n ni luz en el edificio, pero eso no afectaba al crecimiento de la iglesia. Poco despu\u00e9s, la IURD se embarc\u00f3 en un proyecto de restauraci\u00f3n para devolver la antigua gloria que el teatro disfrutaba en los a\u00f1os 30.<\/p>\n<p style=\"text-align: justify;\">La Iglesia Universal contin\u00faa expandiendo sus actividades en el Reino Unido bajo el liderazgo del obispo James Marques, apoyado por un cuerpo pastoral y un equipo administrativo. La iglesia es un centro cristiano donde se ofrece ayuda espiritual, independientemente del origen o del estilo de vida de la persona en cuesti\u00f3n. El n\u00famero de miembros activos ronda los 10.000 mil en todo el pa\u00eds. En la IURD todos son bienvenidos a atender las reuniones sin importar sus creencias religiosas.<\/p>\n<p style=\"text-align: justify;\"><strong>*A qui\u00e9n ver\u00e1s<\/strong><\/p>\n<p style=\"text-align: justify;\"><strong>Pastores &amp; Obispos:<br \/>\n<\/strong>Las reuniones y conferencias son dirigidas por un Pastor u Obispo completamente cualificado. Ellos son hombres de Dios (y en algunos pa\u00edses tambi\u00e9n mujeres) que han abrazado el ministerio a tiempo completo. Ellos no tienen otro empleo, y su \u00fanico objetivo es servir a Dios, sirviendo y ayudando a la congregaci\u00f3n, y a otros en la comunidad que necesitan asistencia. Al adquirir m\u00e1s experiencia, los pastores pueden ser elegidos para servir como Obispos.<\/p>\n<p style=\"text-align: justify;\"><strong>Pastor Auxiliar:<br \/>\n<\/strong>El Pastor auxiliar tambi\u00e9n estar\u00e1 presente en las reuniones y su funci\u00f3n es ayudar al Pastor o al Obispo. Ellos tambi\u00e9n han abrazado al ministerio a tiempo completo para ayudar a otros. Despu\u00e9s de unos a\u00f1os de experiencia, muchos de ellos ser\u00e1n consagrados para ser un Pastor.<\/p>\n<p style=\"text-align: justify;\"><strong>Obreros:<br \/>\n<\/strong>Los obreros son ayudantes voluntarios que dedican parte de su tiempo libre fuera de su vida cotidiana, laboral, familiar, dom\u00e9stica, etc., para esta vocaci\u00f3n. Ellos fueron elegidos entre la congregaci\u00f3n para ayudar al Pastor Auxiliar, Pastores y Obispos, y para servir a los miembros de la iglesia.<\/p>\n<p style=\"text-align: justify;\">Con el paso de las reuniones, descubrir\u00e1s que la mayor\u00eda de los Obispos, Pastores, Pastores Auxiliares y Obreros han pasado por problemas personales en el pasado antes de comenzar a asistir a la iglesia. Ellos, a trav\u00e9s de las ense\u00f1anzas y las oraciones recibidas en la IURD, usaron su fe y superaron estas situaciones. Todos han tenido un encuentro personal con Dios y han experimentado una transformaci\u00f3n completa de vida. Por eso est\u00e1n dispuestos a escucharte y son capaces de ayudarte en situaciones dif\u00edciles.<\/p>\n<p style=\"text-align: justify;\">Por favor, pres\u00e9ntate a uno de ellos que estar\u00e1 m\u00e1s que feliz de sentarse y hablar contigo durante el tiempo que necesites. O, llama al 020 7686 6048 para reservar una cita.<\/p>\n<p>[\/vc_column_text][\/vc_column][\/vc_row]<\/p>\n","protected":false},"excerpt":{"rendered":"<p>[vc_row][vc_column][wander_title_block title=&#8221;Qui\u00e9nes Somos&#8221; title_size=&#8221;h2&#8243; title_align=&#8221;text-center&#8221; is_seperator=&#8221;true&#8221;][vc_column_text] La Iglesia Universal del Reino de Dios (IURD) fue fundada en Brasil en el a\u00f1o 1977. Los inicios se deben a un exitoso programa evangel\u00edstico llevado a cabo por el obispo Robert McAlister, un misionero pentecostal canadiense. Edir Macedo fue uno de los primeros convertidos que poco despu\u00e9s fund\u00f3 [&hellip;]<\/p>\n","protected":false},"author":1,"featured_media":0,"parent":0,"menu_order":0,"comment_status":"closed","ping_status":"closed","template":"","meta":{"give_campaign_id":0,"_monsterinsights_skip_tracking":false,"_monsterinsights_sitenote_active":false,"_monsterinsights_sitenote_note":"","_monsterinsights_sitenote_category":0,"footnotes":""},"class_list":["post-34750","page","type-page","status-publish","hentry"],"campaignId":"","_links":{"self":[{"href":"https:\/\/www.uckg.org\/es\/wp-json\/wp\/v2\/pages\/34750","targetHints":{"allow":["GET"]}}],"collection":[{"href":"https:\/\/www.uckg.org\/es\/wp-json\/wp\/v2\/pages"}],"about":[{"href":"https:\/\/www.uckg.org\/es\/wp-json\/wp\/v2\/types\/page"}],"author":[{"embeddable":true,"href":"https:\/\/www.uckg.org\/es\/wp-json\/wp\/v2\/users\/1"}],"replies":[{"embeddable":true,"href":"https:\/\/www.uckg.org\/es\/wp-json\/wp\/v2\/comments?post=34750"}],"version-history":[{"count":7,"href":"https:\/\/www.uckg.org\/es\/wp-json\/wp\/v2\/pages\/34750\/revisions"}],"predecessor-version":[{"id":76874,"href":"https:\/\/www.uckg.org\/es\/wp-json\/wp\/v2\/pages\/34750\/revisions\/76874"}],"wp:attachment":[{"href":"https:\/\/www.uckg.org\/es\/wp-json\/wp\/v2\/media?parent=34750"}],"curies":[{"name":"wp","href":"https:\/\/api.w.org\/{rel}","templated":true}]}}